{"id":144,"date":"2019-11-22T11:39:02","date_gmt":"2019-11-22T11:39:02","guid":{"rendered":"https:\/\/www.jlf-embouteillage.com\/?page_id=144"},"modified":"2019-12-12T10:32:20","modified_gmt":"2019-12-12T10:32:20","slug":"la-cuverie","status":"publish","type":"page","link":"https:\/\/www.jlf-embouteillage.com\/index.php\/nos-prestations\/la-cuverie\/","title":{"rendered":"La cuverie"},"content":{"rendered":"\t\t<div data-elementor-type=\"wp-page\" data-elementor-id=\"144\" class=\"elementor elementor-144\" data-elementor-post-type=\"page\">\n\t\t\t\t\t\t<section class=\"elementor-section elementor-top-section elementor-element elementor-element-16d6c77 elementor-section-boxed elementor-section-height-default elementor-section-height-default\" data-id=\"16d6c77\" data-element_type=\"section\" data-e-type=\"section\">\n\t\t\t\t\t\t<div class=\"elementor-container elementor-column-gap-default\">\n\t\t\t\t\t<div class=\"elementor-column elementor-col-100 elementor-top-column elementor-element elementor-element-55f1572\" data-id=\"55f1572\" data-element_type=\"column\" data-e-type=\"column\">\n\t\t\t<div class=\"elementor-widget-wrap elementor-element-populated\">\n\t\t\t\t\t\t<div class=\"elementor-element elementor-element-49be381 elementor-widget elementor-widget-image\" data-id=\"49be381\" data-element_type=\"widget\" data-e-type=\"widget\" data-widget_type=\"image.default\">\n\t\t\t\t<div class=\"elementor-widget-container\">\n\t\t\t\t\t\t\t\t\t\t\t\t\t\t\t<img fetchpriority=\"high\" decoding=\"async\" width=\"1200\" height=\"800\" src=\"https:\/\/www.jlf-embouteillage.com\/wp-content\/uploads\/2019\/12\/JLF-la-cuverie.png\" class=\"attachment-full size-full wp-image-457\" alt=\"JLF-la-cuverie\" srcset=\"https:\/\/www.jlf-embouteillage.com\/wp-content\/uploads\/2019\/12\/JLF-la-cuverie.png 1200w, https:\/\/www.jlf-embouteillage.com\/wp-content\/uploads\/2019\/12\/JLF-la-cuverie-300x200.png 300w, https:\/\/www.jlf-embouteillage.com\/wp-content\/uploads\/2019\/12\/JLF-la-cuverie-1024x683.png 1024w, https:\/\/www.jlf-embouteillage.com\/wp-content\/uploads\/2019\/12\/JLF-la-cuverie-768x512.png 768w\" sizes=\"100vw\" \/>\t\t\t\t\t\t\t\t\t\t\t\t\t\t\t<\/div>\n\t\t\t\t<\/div>\n\t\t\t\t\t<\/div>\n\t\t<\/div>\n\t\t\t\t\t<\/div>\n\t\t<\/section>\n\t\t\t\t<section class=\"elementor-section elementor-top-section elementor-element elementor-element-146e834 elementor-section-boxed elementor-section-height-default elementor-section-height-default\" data-id=\"146e834\" data-element_type=\"section\" data-e-type=\"section\">\n\t\t\t\t\t\t<div class=\"elementor-container elementor-column-gap-default\">\n\t\t\t\t\t<div class=\"elementor-column elementor-col-100 elementor-top-column elementor-element elementor-element-d382147\" data-id=\"d382147\" data-element_type=\"column\" data-e-type=\"column\">\n\t\t\t<div class=\"elementor-widget-wrap elementor-element-populated\">\n\t\t\t\t\t\t\t<\/div>\n\t\t<\/div>\n\t\t\t\t\t<\/div>\n\t\t<\/section>\n\t\t\t\t<section class=\"elementor-section elementor-top-section elementor-element elementor-element-6699ee1 elementor-section-boxed elementor-section-height-default elementor-section-height-default\" data-id=\"6699ee1\" data-element_type=\"section\" data-e-type=\"section\">\n\t\t\t\t\t\t<div class=\"elementor-container elementor-column-gap-default\">\n\t\t\t\t\t<div class=\"elementor-column elementor-col-100 elementor-top-column elementor-element elementor-element-893a11f\" data-id=\"893a11f\" data-element_type=\"column\" data-e-type=\"column\">\n\t\t\t<div class=\"elementor-widget-wrap elementor-element-populated\">\n\t\t\t\t\t\t<div class=\"elementor-element elementor-element-2a39d98 elementor-widget elementor-widget-text-editor\" data-id=\"2a39d98\" data-element_type=\"widget\" data-e-type=\"widget\" data-widget_type=\"text-editor.default\">\n\t\t\t\t<div class=\"elementor-widget-container\">\n\t\t\t\t\t\t\t\t\t<p>L\u2019entreprise <strong><a href=\"https:\/\/www.jlf-embouteillage.com\/\">JLF Embouteillage<\/a><\/strong> est \u00e9quip\u00e9e d\u2019une cuverie de 400m<span style=\"color: #333333; font-size: 20px;\">\u00b2<\/span><span style=\"font-size: 1rem;\">. Toutes les cuves y sont munies d\u2019agitateurs. Outre le stockage des liquides dans l\u2019attente d\u2019\u00eatre mis en bouteilles, notre installation nous permet de d\u00e9cliner plusieurs prestations compl\u00e9mentaires. En fonction des alcools, nous vous accompagnons sur les choix de solutions techniques :<\/span><\/p>\n<p>&#8211; le passage \u00e0 froid<br>&#8211; la r\u00e9duction d\u2019alcool.<br>&#8211; la mac\u00e9ration&nbsp;: \u00e0 base de fruits frais coup\u00e9s sur place.<\/p>\t\t\t\t\t\t\t\t<\/div>\n\t\t\t\t<\/div>\n\t\t\t\t\t<\/div>\n\t\t<\/div>\n\t\t\t\t\t<\/div>\n\t\t<\/section>\n\t\t\t\t<section class=\"elementor-section elementor-top-section elementor-element elementor-element-b208a29 elementor-section-boxed elementor-section-height-default elementor-section-height-default\" data-id=\"b208a29\" data-element_type=\"section\" data-e-type=\"section\">\n\t\t\t\t\t\t<div class=\"elementor-container elementor-column-gap-default\">\n\t\t\t\t\t<div class=\"elementor-column elementor-col-100 elementor-top-column elementor-element elementor-element-be03443\" data-id=\"be03443\" data-element_type=\"column\" data-e-type=\"column\">\n\t\t\t<div class=\"elementor-widget-wrap elementor-element-populated\">\n\t\t\t\t\t\t<div class=\"elementor-element elementor-element-98699d2 elementor-widget elementor-widget-image\" data-id=\"98699d2\" data-element_type=\"widget\" data-e-type=\"widget\" data-widget_type=\"image.default\">\n\t\t\t\t<div class=\"elementor-widget-container\">\n\t\t\t\t\t\t\t\t\t\t\t\t\t\t\t<img decoding=\"async\" width=\"1200\" height=\"800\" src=\"https:\/\/www.jlf-embouteillage.com\/wp-content\/uploads\/2019\/12\/JLF-la-cuverie-2.png\" class=\"attachment-full size-full wp-image-456\" alt=\"JLF-la-cuverie-2\" srcset=\"https:\/\/www.jlf-embouteillage.com\/wp-content\/uploads\/2019\/12\/JLF-la-cuverie-2.png 1200w, https:\/\/www.jlf-embouteillage.com\/wp-content\/uploads\/2019\/12\/JLF-la-cuverie-2-300x200.png 300w, https:\/\/www.jlf-embouteillage.com\/wp-content\/uploads\/2019\/12\/JLF-la-cuverie-2-1024x683.png 1024w, https:\/\/www.jlf-embouteillage.com\/wp-content\/uploads\/2019\/12\/JLF-la-cuverie-2-768x512.png 768w\" sizes=\"100vw\" \/>\t\t\t\t\t\t\t\t\t\t\t\t\t\t\t<\/div>\n\t\t\t\t<\/div>\n\t\t\t\t\t<\/div>\n\t\t<\/div>\n\t\t\t\t\t<\/div>\n\t\t<\/section>\n\t\t\t\t<\/div>\n\t\t","protected":false},"excerpt":{"rendered":"<p>L\u2019entreprise JLF Embouteillage est \u00e9quip\u00e9e d\u2019une cuverie de 400m\u00b2. Toutes les cuves y sont munies d\u2019agitateurs. Outre le stockage des liquides dans l\u2019attente d\u2019\u00eatre mis en bouteilles, notre installation nous permet de d\u00e9cliner plusieurs prestations compl\u00e9mentaires. En fonction des alcools, nous vous accompagnons sur les choix de solutions techniques : &#8211; le passage \u00e0 froid&#8211; &hellip; <\/p>\n<p class=\"link-more\"><a href=\"https:\/\/www.jlf-embouteillage.com\/index.php\/nos-prestations\/la-cuverie\/\" class=\"more-link\">Continuer la lecture<span class=\"screen-reader-text\"> de &laquo;&nbsp;La cuverie&nbsp;&raquo;<\/span><\/a><\/p>\n","protected":false},"author":2,"featured_media":0,"parent":135,"menu_order":13,"comment_status":"closed","ping_status":"closed","template":"elementor_header_footer","meta":{"footnotes":""},"class_list":["post-144","page","type-page","status-publish","hentry"],"yoast_head":"<!-- This site is optimized with the Yoast SEO plugin v27.4 - https:\/\/yoast.com\/product\/yoast-seo-wordpress\/ -->\n<title>La cuverie - JLF Embouteillage<\/title>\n<meta name=\"description\" content=\"L\u2019entreprise JLF Embouteillage est \u00e9quip\u00e9e d\u2019une cuverie. Toutes les cuves y sont munies d\u2019agitateurs. Outre le stockage des liquides dans l\u2019attente...\" \/>\n<meta name=\"robots\" content=\"index, follow, max-snippet:-1, max-image-preview:large, max-video-preview:-1\" \/>\n<link rel=\"canonical\" href=\"https:\/\/www.jlf-embouteillage.com\/index.php\/nos-prestations\/la-cuverie\/\" \/>\n<meta property=\"og:locale\" content=\"fr_FR\" \/>\n<meta property=\"og:type\" content=\"article\" \/>\n<meta property=\"og:title\" content=\"La cuverie - JLF Embouteillage\" \/>\n<meta property=\"og:description\" content=\"L\u2019entreprise JLF Embouteillage est \u00e9quip\u00e9e d\u2019une cuverie. Toutes les cuves y sont munies d\u2019agitateurs. Outre le stockage des liquides dans l\u2019attente...\" \/>\n<meta property=\"og:url\" content=\"https:\/\/www.jlf-embouteillage.com\/index.php\/nos-prestations\/la-cuverie\/\" \/>\n<meta property=\"og:site_name\" content=\"JLF Embouteillage\" \/>\n<meta property=\"article:publisher\" content=\"https:\/\/www.facebook.com\/jlfembouteillage\/\" \/>\n<meta property=\"article:modified_time\" content=\"2019-12-12T10:32:20+00:00\" \/>\n<meta property=\"og:image\" content=\"https:\/\/www.jlf-embouteillage.com\/wp-content\/uploads\/2019\/12\/JLF-la-cuverie.png\" \/>\n<meta name=\"twitter:card\" content=\"summary_large_image\" \/>\n<script type=\"application\/ld+json\" class=\"yoast-schema-graph\">{\"@context\":\"https:\\\/\\\/schema.org\",\"@graph\":[{\"@type\":\"WebPage\",\"@id\":\"https:\\\/\\\/www.jlf-embouteillage.com\\\/index.php\\\/nos-prestations\\\/la-cuverie\\\/\",\"url\":\"https:\\\/\\\/www.jlf-embouteillage.com\\\/index.php\\\/nos-prestations\\\/la-cuverie\\\/\",\"name\":\"La cuverie - JLF Embouteillage\",\"isPartOf\":{\"@id\":\"https:\\\/\\\/www.jlf-embouteillage.com\\\/#website\"},\"primaryImageOfPage\":{\"@id\":\"https:\\\/\\\/www.jlf-embouteillage.com\\\/index.php\\\/nos-prestations\\\/la-cuverie\\\/#primaryimage\"},\"image\":{\"@id\":\"https:\\\/\\\/www.jlf-embouteillage.com\\\/index.php\\\/nos-prestations\\\/la-cuverie\\\/#primaryimage\"},\"thumbnailUrl\":\"https:\\\/\\\/www.jlf-embouteillage.com\\\/wp-content\\\/uploads\\\/2019\\\/12\\\/JLF-la-cuverie.png\",\"datePublished\":\"2019-11-22T11:39:02+00:00\",\"dateModified\":\"2019-12-12T10:32:20+00:00\",\"description\":\"L\u2019entreprise JLF Embouteillage est \u00e9quip\u00e9e d\u2019une cuverie. Toutes les cuves y sont munies d\u2019agitateurs. Outre le stockage des liquides dans l\u2019attente...\",\"breadcrumb\":{\"@id\":\"https:\\\/\\\/www.jlf-embouteillage.com\\\/index.php\\\/nos-prestations\\\/la-cuverie\\\/#breadcrumb\"},\"inLanguage\":\"fr-FR\",\"potentialAction\":[{\"@type\":\"ReadAction\",\"target\":[\"https:\\\/\\\/www.jlf-embouteillage.com\\\/index.php\\\/nos-prestations\\\/la-cuverie\\\/\"]}]},{\"@type\":\"ImageObject\",\"inLanguage\":\"fr-FR\",\"@id\":\"https:\\\/\\\/www.jlf-embouteillage.com\\\/index.php\\\/nos-prestations\\\/la-cuverie\\\/#primaryimage\",\"url\":\"https:\\\/\\\/www.jlf-embouteillage.com\\\/wp-content\\\/uploads\\\/2019\\\/12\\\/JLF-la-cuverie.png\",\"contentUrl\":\"https:\\\/\\\/www.jlf-embouteillage.com\\\/wp-content\\\/uploads\\\/2019\\\/12\\\/JLF-la-cuverie.png\",\"width\":1200,\"height\":800,\"caption\":\"JLF-la-cuverie\"},{\"@type\":\"BreadcrumbList\",\"@id\":\"https:\\\/\\\/www.jlf-embouteillage.com\\\/index.php\\\/nos-prestations\\\/la-cuverie\\\/#breadcrumb\",\"itemListElement\":[{\"@type\":\"ListItem\",\"position\":1,\"name\":\"Accueil\",\"item\":\"https:\\\/\\\/www.jlf-embouteillage.com\\\/\"},{\"@type\":\"ListItem\",\"position\":2,\"name\":\"Nos prestations\",\"item\":\"https:\\\/\\\/www.jlf-embouteillage.com\\\/index.php\\\/nos-prestations\\\/\"},{\"@type\":\"ListItem\",\"position\":3,\"name\":\"La cuverie\"}]},{\"@type\":\"WebSite\",\"@id\":\"https:\\\/\\\/www.jlf-embouteillage.com\\\/#website\",\"url\":\"https:\\\/\\\/www.jlf-embouteillage.com\\\/\",\"name\":\"JLF Embouteillage\",\"description\":\"MISE EN BOUTEILLE \\\/ CUVERIE \\\/ \\u2029STOCKAGE \\\/ EXP\u00c9DITION\",\"publisher\":{\"@id\":\"https:\\\/\\\/www.jlf-embouteillage.com\\\/#organization\"},\"potentialAction\":[{\"@type\":\"SearchAction\",\"target\":{\"@type\":\"EntryPoint\",\"urlTemplate\":\"https:\\\/\\\/www.jlf-embouteillage.com\\\/?s={search_term_string}\"},\"query-input\":{\"@type\":\"PropertyValueSpecification\",\"valueRequired\":true,\"valueName\":\"search_term_string\"}}],\"inLanguage\":\"fr-FR\"},{\"@type\":\"Organization\",\"@id\":\"https:\\\/\\\/www.jlf-embouteillage.com\\\/#organization\",\"name\":\"JLF Embouteillage\",\"url\":\"https:\\\/\\\/www.jlf-embouteillage.com\\\/\",\"logo\":{\"@type\":\"ImageObject\",\"inLanguage\":\"fr-FR\",\"@id\":\"https:\\\/\\\/www.jlf-embouteillage.com\\\/#\\\/schema\\\/logo\\\/image\\\/\",\"url\":\"https:\\\/\\\/www.jlf-embouteillage.com\\\/wp-content\\\/uploads\\\/2019\\\/12\\\/JLF-favicon.png\",\"contentUrl\":\"https:\\\/\\\/www.jlf-embouteillage.com\\\/wp-content\\\/uploads\\\/2019\\\/12\\\/JLF-favicon.png\",\"width\":512,\"height\":512,\"caption\":\"JLF Embouteillage\"},\"image\":{\"@id\":\"https:\\\/\\\/www.jlf-embouteillage.com\\\/#\\\/schema\\\/logo\\\/image\\\/\"},\"sameAs\":[\"https:\\\/\\\/www.facebook.com\\\/jlfembouteillage\\\/\"]}]}<\/script>\n<!-- \/ Yoast SEO plugin. -->","yoast_head_json":{"title":"La cuverie - JLF Embouteillage","description":"L\u2019entreprise JLF Embouteillage est \u00e9quip\u00e9e d\u2019une cuverie. Toutes les cuves y sont munies d\u2019agitateurs. Outre le stockage des liquides dans l\u2019attente...","robots":{"index":"index","follow":"follow","max-snippet":"max-snippet:-1","max-image-preview":"max-image-preview:large","max-video-preview":"max-video-preview:-1"},"canonical":"https:\/\/www.jlf-embouteillage.com\/index.php\/nos-prestations\/la-cuverie\/","og_locale":"fr_FR","og_type":"article","og_title":"La cuverie - JLF Embouteillage","og_description":"L\u2019entreprise JLF Embouteillage est \u00e9quip\u00e9e d\u2019une cuverie. Toutes les cuves y sont munies d\u2019agitateurs. Outre le stockage des liquides dans l\u2019attente...","og_url":"https:\/\/www.jlf-embouteillage.com\/index.php\/nos-prestations\/la-cuverie\/","og_site_name":"JLF Embouteillage","article_publisher":"https:\/\/www.facebook.com\/jlfembouteillage\/","article_modified_time":"2019-12-12T10:32:20+00:00","og_image":[{"url":"https:\/\/www.jlf-embouteillage.com\/wp-content\/uploads\/2019\/12\/JLF-la-cuverie.png","type":"","width":"","height":""}],"twitter_card":"summary_large_image","schema":{"@context":"https:\/\/schema.org","@graph":[{"@type":"WebPage","@id":"https:\/\/www.jlf-embouteillage.com\/index.php\/nos-prestations\/la-cuverie\/","url":"https:\/\/www.jlf-embouteillage.com\/index.php\/nos-prestations\/la-cuverie\/","name":"La cuverie - JLF Embouteillage","isPartOf":{"@id":"https:\/\/www.jlf-embouteillage.com\/#website"},"primaryImageOfPage":{"@id":"https:\/\/www.jlf-embouteillage.com\/index.php\/nos-prestations\/la-cuverie\/#primaryimage"},"image":{"@id":"https:\/\/www.jlf-embouteillage.com\/index.php\/nos-prestations\/la-cuverie\/#primaryimage"},"thumbnailUrl":"https:\/\/www.jlf-embouteillage.com\/wp-content\/uploads\/2019\/12\/JLF-la-cuverie.png","datePublished":"2019-11-22T11:39:02+00:00","dateModified":"2019-12-12T10:32:20+00:00","description":"L\u2019entreprise JLF Embouteillage est \u00e9quip\u00e9e d\u2019une cuverie. Toutes les cuves y sont munies d\u2019agitateurs. Outre le stockage des liquides dans l\u2019attente...","breadcrumb":{"@id":"https:\/\/www.jlf-embouteillage.com\/index.php\/nos-prestations\/la-cuverie\/#breadcrumb"},"inLanguage":"fr-FR","potentialAction":[{"@type":"ReadAction","target":["https:\/\/www.jlf-embouteillage.com\/index.php\/nos-prestations\/la-cuverie\/"]}]},{"@type":"ImageObject","inLanguage":"fr-FR","@id":"https:\/\/www.jlf-embouteillage.com\/index.php\/nos-prestations\/la-cuverie\/#primaryimage","url":"https:\/\/www.jlf-embouteillage.com\/wp-content\/uploads\/2019\/12\/JLF-la-cuverie.png","contentUrl":"https:\/\/www.jlf-embouteillage.com\/wp-content\/uploads\/2019\/12\/JLF-la-cuverie.png","width":1200,"height":800,"caption":"JLF-la-cuverie"},{"@type":"BreadcrumbList","@id":"https:\/\/www.jlf-embouteillage.com\/index.php\/nos-prestations\/la-cuverie\/#breadcrumb","itemListElement":[{"@type":"ListItem","position":1,"name":"Accueil","item":"https:\/\/www.jlf-embouteillage.com\/"},{"@type":"ListItem","position":2,"name":"Nos prestations","item":"https:\/\/www.jlf-embouteillage.com\/index.php\/nos-prestations\/"},{"@type":"ListItem","position":3,"name":"La cuverie"}]},{"@type":"WebSite","@id":"https:\/\/www.jlf-embouteillage.com\/#website","url":"https:\/\/www.jlf-embouteillage.com\/","name":"JLF Embouteillage","description":"MISE EN BOUTEILLE \/ CUVERIE \/ \u2029STOCKAGE \/ EXP\u00c9DITION","publisher":{"@id":"https:\/\/www.jlf-embouteillage.com\/#organization"},"potentialAction":[{"@type":"SearchAction","target":{"@type":"EntryPoint","urlTemplate":"https:\/\/www.jlf-embouteillage.com\/?s={search_term_string}"},"query-input":{"@type":"PropertyValueSpecification","valueRequired":true,"valueName":"search_term_string"}}],"inLanguage":"fr-FR"},{"@type":"Organization","@id":"https:\/\/www.jlf-embouteillage.com\/#organization","name":"JLF Embouteillage","url":"https:\/\/www.jlf-embouteillage.com\/","logo":{"@type":"ImageObject","inLanguage":"fr-FR","@id":"https:\/\/www.jlf-embouteillage.com\/#\/schema\/logo\/image\/","url":"https:\/\/www.jlf-embouteillage.com\/wp-content\/uploads\/2019\/12\/JLF-favicon.png","contentUrl":"https:\/\/www.jlf-embouteillage.com\/wp-content\/uploads\/2019\/12\/JLF-favicon.png","width":512,"height":512,"caption":"JLF Embouteillage"},"image":{"@id":"https:\/\/www.jlf-embouteillage.com\/#\/schema\/logo\/image\/"},"sameAs":["https:\/\/www.facebook.com\/jlfembouteillage\/"]}]}},"_links":{"self":[{"href":"https:\/\/www.jlf-embouteillage.com\/index.php\/wp-json\/wp\/v2\/pages\/144","targetHints":{"allow":["GET"]}}],"collection":[{"href":"https:\/\/www.jlf-embouteillage.com\/index.php\/wp-json\/wp\/v2\/pages"}],"about":[{"href":"https:\/\/www.jlf-embouteillage.com\/index.php\/wp-json\/wp\/v2\/types\/page"}],"author":[{"embeddable":true,"href":"https:\/\/www.jlf-embouteillage.com\/index.php\/wp-json\/wp\/v2\/users\/2"}],"replies":[{"embeddable":true,"href":"https:\/\/www.jlf-embouteillage.com\/index.php\/wp-json\/wp\/v2\/comments?post=144"}],"version-history":[{"count":6,"href":"https:\/\/www.jlf-embouteillage.com\/index.php\/wp-json\/wp\/v2\/pages\/144\/revisions"}],"predecessor-version":[{"id":652,"href":"https:\/\/www.jlf-embouteillage.com\/index.php\/wp-json\/wp\/v2\/pages\/144\/revisions\/652"}],"up":[{"embeddable":true,"href":"https:\/\/www.jlf-embouteillage.com\/index.php\/wp-json\/wp\/v2\/pages\/135"}],"wp:attachment":[{"href":"https:\/\/www.jlf-embouteillage.com\/index.php\/wp-json\/wp\/v2\/media?parent=144"}],"curies":[{"name":"wp","href":"https:\/\/api.w.org\/{rel}","templated":true}]}}