{"id":139,"date":"2019-11-22T11:37:14","date_gmt":"2019-11-22T11:37:14","guid":{"rendered":"https:\/\/www.jlf-embouteillage.com\/?page_id=139"},"modified":"2019-12-12T10:32:51","modified_gmt":"2019-12-12T10:32:51","slug":"stockage-expedition","status":"publish","type":"page","link":"https:\/\/www.jlf-embouteillage.com\/index.php\/nos-prestations\/stockage-expedition\/","title":{"rendered":"Le stockage et l&rsquo;exp\u00e9dition"},"content":{"rendered":"\t\t<div data-elementor-type=\"wp-page\" data-elementor-id=\"139\" class=\"elementor elementor-139\" data-elementor-post-type=\"page\">\n\t\t\t\t\t\t<section class=\"elementor-section elementor-top-section elementor-element elementor-element-3b70407 elementor-section-boxed elementor-section-height-default elementor-section-height-default\" data-id=\"3b70407\" data-element_type=\"section\" data-e-type=\"section\">\n\t\t\t\t\t\t<div class=\"elementor-container elementor-column-gap-default\">\n\t\t\t\t\t<div class=\"elementor-column elementor-col-100 elementor-top-column elementor-element elementor-element-a09f531\" data-id=\"a09f531\" data-element_type=\"column\" data-e-type=\"column\">\n\t\t\t<div class=\"elementor-widget-wrap elementor-element-populated\">\n\t\t\t\t\t\t<div class=\"elementor-element elementor-element-2fb2036 elementor-widget elementor-widget-image\" data-id=\"2fb2036\" data-element_type=\"widget\" data-e-type=\"widget\" data-widget_type=\"image.default\">\n\t\t\t\t<div class=\"elementor-widget-container\">\n\t\t\t\t\t\t\t\t\t\t\t\t\t\t\t<img fetchpriority=\"high\" decoding=\"async\" width=\"1200\" height=\"800\" src=\"https:\/\/www.jlf-embouteillage.com\/wp-content\/uploads\/2019\/12\/JFL-stockage-et-expe\u0301dition.png\" class=\"attachment-full size-full wp-image-461\" alt=\"JFL-stockage-et-expe\u0301dition\" srcset=\"https:\/\/www.jlf-embouteillage.com\/wp-content\/uploads\/2019\/12\/JFL-stockage-et-expe\u0301dition.png 1200w, https:\/\/www.jlf-embouteillage.com\/wp-content\/uploads\/2019\/12\/JFL-stockage-et-expe\u0301dition-300x200.png 300w, https:\/\/www.jlf-embouteillage.com\/wp-content\/uploads\/2019\/12\/JFL-stockage-et-expe\u0301dition-1024x683.png 1024w, https:\/\/www.jlf-embouteillage.com\/wp-content\/uploads\/2019\/12\/JFL-stockage-et-expe\u0301dition-768x512.png 768w\" sizes=\"100vw\" \/>\t\t\t\t\t\t\t\t\t\t\t\t\t\t\t<\/div>\n\t\t\t\t<\/div>\n\t\t\t\t\t<\/div>\n\t\t<\/div>\n\t\t\t\t\t<\/div>\n\t\t<\/section>\n\t\t\t\t<section class=\"elementor-section elementor-top-section elementor-element elementor-element-ed9f9e9 elementor-section-boxed elementor-section-height-default elementor-section-height-default\" data-id=\"ed9f9e9\" data-element_type=\"section\" data-e-type=\"section\">\n\t\t\t\t\t\t<div class=\"elementor-container elementor-column-gap-default\">\n\t\t\t\t\t<div class=\"elementor-column elementor-col-100 elementor-top-column elementor-element elementor-element-d6153f1\" data-id=\"d6153f1\" data-element_type=\"column\" data-e-type=\"column\">\n\t\t\t<div class=\"elementor-widget-wrap elementor-element-populated\">\n\t\t\t\t\t\t\t<\/div>\n\t\t<\/div>\n\t\t\t\t\t<\/div>\n\t\t<\/section>\n\t\t\t\t<section class=\"elementor-section elementor-top-section elementor-element elementor-element-a0e5dc5 elementor-section-boxed elementor-section-height-default elementor-section-height-default\" data-id=\"a0e5dc5\" data-element_type=\"section\" data-e-type=\"section\">\n\t\t\t\t\t\t<div class=\"elementor-container elementor-column-gap-default\">\n\t\t\t\t\t<div class=\"elementor-column elementor-col-100 elementor-top-column elementor-element elementor-element-a6f3773\" data-id=\"a6f3773\" data-element_type=\"column\" data-e-type=\"column\">\n\t\t\t<div class=\"elementor-widget-wrap elementor-element-populated\">\n\t\t\t\t\t\t<div class=\"elementor-element elementor-element-69ed56d elementor-widget elementor-widget-text-editor\" data-id=\"69ed56d\" data-element_type=\"widget\" data-e-type=\"widget\" data-widget_type=\"text-editor.default\">\n\t\t\t\t<div class=\"elementor-widget-container\">\n\t\t\t\t\t\t\t\t\t<p class=\"p1\"><span class=\"s1\">L\u2019infrastructure <strong><a href=\"https:\/\/www.jlf-embouteillage.com\/\">JLF Embouteillage<\/a><\/strong> de 1900m\u00b2 permet de r\u00e9ceptionner et stocker pr\u00e9cieusement les liquides et toutes les mati\u00e8res s\u00e8ches en pr\u00e9paration de la mise en bouteilles. <br>Nous stockons dans ce m\u00eame b\u00e2timent vos produits finis avant leur exp\u00e9dition selon le calendrier convenu.<br><\/span><\/p>\t\t\t\t\t\t\t\t<\/div>\n\t\t\t\t<\/div>\n\t\t\t\t\t<\/div>\n\t\t<\/div>\n\t\t\t\t\t<\/div>\n\t\t<\/section>\n\t\t\t\t<\/div>\n\t\t","protected":false},"excerpt":{"rendered":"<p>L\u2019infrastructure JLF Embouteillage de 1900m\u00b2 permet de r\u00e9ceptionner et stocker pr\u00e9cieusement les liquides et toutes les mati\u00e8res s\u00e8ches en pr\u00e9paration de la mise en bouteilles. Nous stockons dans ce m\u00eame b\u00e2timent vos produits finis avant leur exp\u00e9dition selon le calendrier convenu.<\/p>\n","protected":false},"author":2,"featured_media":0,"parent":135,"menu_order":14,"comment_status":"closed","ping_status":"closed","template":"elementor_header_footer","meta":{"footnotes":""},"class_list":["post-139","page","type-page","status-publish","hentry"],"yoast_head":"<!-- This site is optimized with the Yoast SEO plugin v27.3 - https:\/\/yoast.com\/product\/yoast-seo-wordpress\/ -->\n<title>Le stockage et l&#039;exp\u00e9dition - JLF Embouteillage<\/title>\n<meta name=\"description\" content=\"L\u2019infrastructure JLF Embouteillage de 1000m\u00b2 permet de r\u00e9ceptionner et stocker pr\u00e9cieusement les liquides et toutes les mati\u00e8res s\u00e8ches en pr\u00e9paration...\" \/>\n<meta name=\"robots\" content=\"index, follow, max-snippet:-1, max-image-preview:large, max-video-preview:-1\" \/>\n<link rel=\"canonical\" href=\"https:\/\/www.jlf-embouteillage.com\/index.php\/nos-prestations\/stockage-expedition\/\" \/>\n<meta property=\"og:locale\" content=\"fr_FR\" \/>\n<meta property=\"og:type\" content=\"article\" \/>\n<meta property=\"og:title\" content=\"Le stockage et l&#039;exp\u00e9dition - JLF Embouteillage\" \/>\n<meta property=\"og:description\" content=\"L\u2019infrastructure JLF Embouteillage de 1000m\u00b2 permet de r\u00e9ceptionner et stocker pr\u00e9cieusement les liquides et toutes les mati\u00e8res s\u00e8ches en pr\u00e9paration...\" \/>\n<meta property=\"og:url\" content=\"https:\/\/www.jlf-embouteillage.com\/index.php\/nos-prestations\/stockage-expedition\/\" \/>\n<meta property=\"og:site_name\" content=\"JLF Embouteillage\" \/>\n<meta property=\"article:publisher\" content=\"https:\/\/www.facebook.com\/jlfembouteillage\/\" \/>\n<meta property=\"article:modified_time\" content=\"2019-12-12T10:32:51+00:00\" \/>\n<meta property=\"og:image\" content=\"https:\/\/www.jlf-embouteillage.com\/wp-content\/uploads\/2019\/12\/JFL-stockage-et-expe\u0301dition.png\" \/>\n<meta name=\"twitter:card\" content=\"summary_large_image\" \/>\n<script type=\"application\/ld+json\" class=\"yoast-schema-graph\">{\"@context\":\"https:\\\/\\\/schema.org\",\"@graph\":[{\"@type\":\"WebPage\",\"@id\":\"https:\\\/\\\/www.jlf-embouteillage.com\\\/index.php\\\/nos-prestations\\\/stockage-expedition\\\/\",\"url\":\"https:\\\/\\\/www.jlf-embouteillage.com\\\/index.php\\\/nos-prestations\\\/stockage-expedition\\\/\",\"name\":\"Le stockage et l'exp\u00e9dition - JLF Embouteillage\",\"isPartOf\":{\"@id\":\"https:\\\/\\\/www.jlf-embouteillage.com\\\/#website\"},\"datePublished\":\"2019-11-22T11:37:14+00:00\",\"dateModified\":\"2019-12-12T10:32:51+00:00\",\"description\":\"L\u2019infrastructure JLF Embouteillage de 1000m\u00b2 permet de r\u00e9ceptionner et stocker pr\u00e9cieusement les liquides et toutes les mati\u00e8res s\u00e8ches en pr\u00e9paration...\",\"breadcrumb\":{\"@id\":\"https:\\\/\\\/www.jlf-embouteillage.com\\\/index.php\\\/nos-prestations\\\/stockage-expedition\\\/#breadcrumb\"},\"inLanguage\":\"fr-FR\",\"potentialAction\":[{\"@type\":\"ReadAction\",\"target\":[\"https:\\\/\\\/www.jlf-embouteillage.com\\\/index.php\\\/nos-prestations\\\/stockage-expedition\\\/\"]}]},{\"@type\":\"BreadcrumbList\",\"@id\":\"https:\\\/\\\/www.jlf-embouteillage.com\\\/index.php\\\/nos-prestations\\\/stockage-expedition\\\/#breadcrumb\",\"itemListElement\":[{\"@type\":\"ListItem\",\"position\":1,\"name\":\"Accueil\",\"item\":\"https:\\\/\\\/www.jlf-embouteillage.com\\\/\"},{\"@type\":\"ListItem\",\"position\":2,\"name\":\"Nos prestations\",\"item\":\"https:\\\/\\\/www.jlf-embouteillage.com\\\/index.php\\\/nos-prestations\\\/\"},{\"@type\":\"ListItem\",\"position\":3,\"name\":\"Le stockage et l&rsquo;exp\u00e9dition\"}]},{\"@type\":\"WebSite\",\"@id\":\"https:\\\/\\\/www.jlf-embouteillage.com\\\/#website\",\"url\":\"https:\\\/\\\/www.jlf-embouteillage.com\\\/\",\"name\":\"JLF Embouteillage\",\"description\":\"MISE EN BOUTEILLE \\\/ CUVERIE \\\/ \\u2029STOCKAGE \\\/ EXP\u00c9DITION\",\"publisher\":{\"@id\":\"https:\\\/\\\/www.jlf-embouteillage.com\\\/#organization\"},\"potentialAction\":[{\"@type\":\"SearchAction\",\"target\":{\"@type\":\"EntryPoint\",\"urlTemplate\":\"https:\\\/\\\/www.jlf-embouteillage.com\\\/?s={search_term_string}\"},\"query-input\":{\"@type\":\"PropertyValueSpecification\",\"valueRequired\":true,\"valueName\":\"search_term_string\"}}],\"inLanguage\":\"fr-FR\"},{\"@type\":\"Organization\",\"@id\":\"https:\\\/\\\/www.jlf-embouteillage.com\\\/#organization\",\"name\":\"JLF Embouteillage\",\"url\":\"https:\\\/\\\/www.jlf-embouteillage.com\\\/\",\"logo\":{\"@type\":\"ImageObject\",\"inLanguage\":\"fr-FR\",\"@id\":\"https:\\\/\\\/www.jlf-embouteillage.com\\\/#\\\/schema\\\/logo\\\/image\\\/\",\"url\":\"https:\\\/\\\/www.jlf-embouteillage.com\\\/wp-content\\\/uploads\\\/2019\\\/12\\\/JLF-favicon.png\",\"contentUrl\":\"https:\\\/\\\/www.jlf-embouteillage.com\\\/wp-content\\\/uploads\\\/2019\\\/12\\\/JLF-favicon.png\",\"width\":512,\"height\":512,\"caption\":\"JLF Embouteillage\"},\"image\":{\"@id\":\"https:\\\/\\\/www.jlf-embouteillage.com\\\/#\\\/schema\\\/logo\\\/image\\\/\"},\"sameAs\":[\"https:\\\/\\\/www.facebook.com\\\/jlfembouteillage\\\/\"]}]}<\/script>\n<!-- \/ Yoast SEO plugin. -->","yoast_head_json":{"title":"Le stockage et l'exp\u00e9dition - JLF Embouteillage","description":"L\u2019infrastructure JLF Embouteillage de 1000m\u00b2 permet de r\u00e9ceptionner et stocker pr\u00e9cieusement les liquides et toutes les mati\u00e8res s\u00e8ches en pr\u00e9paration...","robots":{"index":"index","follow":"follow","max-snippet":"max-snippet:-1","max-image-preview":"max-image-preview:large","max-video-preview":"max-video-preview:-1"},"canonical":"https:\/\/www.jlf-embouteillage.com\/index.php\/nos-prestations\/stockage-expedition\/","og_locale":"fr_FR","og_type":"article","og_title":"Le stockage et l'exp\u00e9dition - JLF Embouteillage","og_description":"L\u2019infrastructure JLF Embouteillage de 1000m\u00b2 permet de r\u00e9ceptionner et stocker pr\u00e9cieusement les liquides et toutes les mati\u00e8res s\u00e8ches en pr\u00e9paration...","og_url":"https:\/\/www.jlf-embouteillage.com\/index.php\/nos-prestations\/stockage-expedition\/","og_site_name":"JLF Embouteillage","article_publisher":"https:\/\/www.facebook.com\/jlfembouteillage\/","article_modified_time":"2019-12-12T10:32:51+00:00","og_image":[{"url":"https:\/\/www.jlf-embouteillage.com\/wp-content\/uploads\/2019\/12\/JFL-stockage-et-expe\u0301dition.png","type":"","width":"","height":""}],"twitter_card":"summary_large_image","schema":{"@context":"https:\/\/schema.org","@graph":[{"@type":"WebPage","@id":"https:\/\/www.jlf-embouteillage.com\/index.php\/nos-prestations\/stockage-expedition\/","url":"https:\/\/www.jlf-embouteillage.com\/index.php\/nos-prestations\/stockage-expedition\/","name":"Le stockage et l'exp\u00e9dition - JLF Embouteillage","isPartOf":{"@id":"https:\/\/www.jlf-embouteillage.com\/#website"},"datePublished":"2019-11-22T11:37:14+00:00","dateModified":"2019-12-12T10:32:51+00:00","description":"L\u2019infrastructure JLF Embouteillage de 1000m\u00b2 permet de r\u00e9ceptionner et stocker pr\u00e9cieusement les liquides et toutes les mati\u00e8res s\u00e8ches en pr\u00e9paration...","breadcrumb":{"@id":"https:\/\/www.jlf-embouteillage.com\/index.php\/nos-prestations\/stockage-expedition\/#breadcrumb"},"inLanguage":"fr-FR","potentialAction":[{"@type":"ReadAction","target":["https:\/\/www.jlf-embouteillage.com\/index.php\/nos-prestations\/stockage-expedition\/"]}]},{"@type":"BreadcrumbList","@id":"https:\/\/www.jlf-embouteillage.com\/index.php\/nos-prestations\/stockage-expedition\/#breadcrumb","itemListElement":[{"@type":"ListItem","position":1,"name":"Accueil","item":"https:\/\/www.jlf-embouteillage.com\/"},{"@type":"ListItem","position":2,"name":"Nos prestations","item":"https:\/\/www.jlf-embouteillage.com\/index.php\/nos-prestations\/"},{"@type":"ListItem","position":3,"name":"Le stockage et l&rsquo;exp\u00e9dition"}]},{"@type":"WebSite","@id":"https:\/\/www.jlf-embouteillage.com\/#website","url":"https:\/\/www.jlf-embouteillage.com\/","name":"JLF Embouteillage","description":"MISE EN BOUTEILLE \/ CUVERIE \/ \u2029STOCKAGE \/ EXP\u00c9DITION","publisher":{"@id":"https:\/\/www.jlf-embouteillage.com\/#organization"},"potentialAction":[{"@type":"SearchAction","target":{"@type":"EntryPoint","urlTemplate":"https:\/\/www.jlf-embouteillage.com\/?s={search_term_string}"},"query-input":{"@type":"PropertyValueSpecification","valueRequired":true,"valueName":"search_term_string"}}],"inLanguage":"fr-FR"},{"@type":"Organization","@id":"https:\/\/www.jlf-embouteillage.com\/#organization","name":"JLF Embouteillage","url":"https:\/\/www.jlf-embouteillage.com\/","logo":{"@type":"ImageObject","inLanguage":"fr-FR","@id":"https:\/\/www.jlf-embouteillage.com\/#\/schema\/logo\/image\/","url":"https:\/\/www.jlf-embouteillage.com\/wp-content\/uploads\/2019\/12\/JLF-favicon.png","contentUrl":"https:\/\/www.jlf-embouteillage.com\/wp-content\/uploads\/2019\/12\/JLF-favicon.png","width":512,"height":512,"caption":"JLF Embouteillage"},"image":{"@id":"https:\/\/www.jlf-embouteillage.com\/#\/schema\/logo\/image\/"},"sameAs":["https:\/\/www.facebook.com\/jlfembouteillage\/"]}]}},"_links":{"self":[{"href":"https:\/\/www.jlf-embouteillage.com\/index.php\/wp-json\/wp\/v2\/pages\/139","targetHints":{"allow":["GET"]}}],"collection":[{"href":"https:\/\/www.jlf-embouteillage.com\/index.php\/wp-json\/wp\/v2\/pages"}],"about":[{"href":"https:\/\/www.jlf-embouteillage.com\/index.php\/wp-json\/wp\/v2\/types\/page"}],"author":[{"embeddable":true,"href":"https:\/\/www.jlf-embouteillage.com\/index.php\/wp-json\/wp\/v2\/users\/2"}],"replies":[{"embeddable":true,"href":"https:\/\/www.jlf-embouteillage.com\/index.php\/wp-json\/wp\/v2\/comments?post=139"}],"version-history":[{"count":8,"href":"https:\/\/www.jlf-embouteillage.com\/index.php\/wp-json\/wp\/v2\/pages\/139\/revisions"}],"predecessor-version":[{"id":653,"href":"https:\/\/www.jlf-embouteillage.com\/index.php\/wp-json\/wp\/v2\/pages\/139\/revisions\/653"}],"up":[{"embeddable":true,"href":"https:\/\/www.jlf-embouteillage.com\/index.php\/wp-json\/wp\/v2\/pages\/135"}],"wp:attachment":[{"href":"https:\/\/www.jlf-embouteillage.com\/index.php\/wp-json\/wp\/v2\/media?parent=139"}],"curies":[{"name":"wp","href":"https:\/\/api.w.org\/{rel}","templated":true}]}}