{"id":137,"date":"2019-11-22T11:36:46","date_gmt":"2019-11-22T11:36:46","guid":{"rendered":"https:\/\/www.jlf-embouteillage.com\/?page_id=137"},"modified":"2019-12-18T11:27:52","modified_gmt":"2019-12-18T11:27:52","slug":"la-mise-en-bouteille","status":"publish","type":"page","link":"https:\/\/www.jlf-embouteillage.com\/index.php\/nos-prestations\/la-mise-en-bouteille\/","title":{"rendered":"La mise en bouteille"},"content":{"rendered":"\t\t<div data-elementor-type=\"wp-page\" data-elementor-id=\"137\" class=\"elementor elementor-137\" data-elementor-post-type=\"page\">\n\t\t\t\t\t\t<section class=\"elementor-section elementor-top-section elementor-element elementor-element-d3b0d49 elementor-section-boxed elementor-section-height-default elementor-section-height-default\" data-id=\"d3b0d49\" data-element_type=\"section\" data-e-type=\"section\">\n\t\t\t\t\t\t<div class=\"elementor-container elementor-column-gap-default\">\n\t\t\t\t\t<div class=\"elementor-column elementor-col-100 elementor-top-column elementor-element elementor-element-0fba681\" data-id=\"0fba681\" data-element_type=\"column\" data-e-type=\"column\">\n\t\t\t<div class=\"elementor-widget-wrap elementor-element-populated\">\n\t\t\t\t\t\t<div class=\"elementor-element elementor-element-8c4a96a elementor-widget elementor-widget-image\" data-id=\"8c4a96a\" data-element_type=\"widget\" data-e-type=\"widget\" data-widget_type=\"image.default\">\n\t\t\t\t<div class=\"elementor-widget-container\">\n\t\t\t\t\t\t\t\t\t\t\t\t\t\t\t<img fetchpriority=\"high\" decoding=\"async\" width=\"1200\" height=\"801\" src=\"https:\/\/www.jlf-embouteillage.com\/wp-content\/uploads\/2019\/12\/JLF\u2013la-mise-en-bouteilles-5-1.png\" class=\"attachment-full size-full wp-image-701\" alt=\"\" srcset=\"https:\/\/www.jlf-embouteillage.com\/wp-content\/uploads\/2019\/12\/JLF\u2013la-mise-en-bouteilles-5-1.png 1200w, https:\/\/www.jlf-embouteillage.com\/wp-content\/uploads\/2019\/12\/JLF\u2013la-mise-en-bouteilles-5-1-300x200.png 300w, https:\/\/www.jlf-embouteillage.com\/wp-content\/uploads\/2019\/12\/JLF\u2013la-mise-en-bouteilles-5-1-1024x684.png 1024w, https:\/\/www.jlf-embouteillage.com\/wp-content\/uploads\/2019\/12\/JLF\u2013la-mise-en-bouteilles-5-1-768x513.png 768w\" sizes=\"100vw\" \/>\t\t\t\t\t\t\t\t\t\t\t\t\t\t\t<\/div>\n\t\t\t\t<\/div>\n\t\t\t\t\t<\/div>\n\t\t<\/div>\n\t\t\t\t\t<\/div>\n\t\t<\/section>\n\t\t\t\t<section class=\"elementor-section elementor-top-section elementor-element elementor-element-99ae469 elementor-section-boxed elementor-section-height-default elementor-section-height-default\" data-id=\"99ae469\" data-element_type=\"section\" data-e-type=\"section\">\n\t\t\t\t\t\t<div class=\"elementor-container elementor-column-gap-default\">\n\t\t\t\t\t<div class=\"elementor-column elementor-col-100 elementor-top-column elementor-element elementor-element-f9049d3\" data-id=\"f9049d3\" data-element_type=\"column\" data-e-type=\"column\">\n\t\t\t<div class=\"elementor-widget-wrap elementor-element-populated\">\n\t\t\t\t\t\t\t<\/div>\n\t\t<\/div>\n\t\t\t\t\t<\/div>\n\t\t<\/section>\n\t\t\t\t<section class=\"elementor-section elementor-top-section elementor-element elementor-element-2d7a7f6 elementor-section-boxed elementor-section-height-default elementor-section-height-default\" data-id=\"2d7a7f6\" data-element_type=\"section\" data-e-type=\"section\">\n\t\t\t\t\t\t<div class=\"elementor-container elementor-column-gap-default\">\n\t\t\t\t\t<div class=\"elementor-column elementor-col-100 elementor-top-column elementor-element elementor-element-0017f7a\" data-id=\"0017f7a\" data-element_type=\"column\" data-e-type=\"column\">\n\t\t\t<div class=\"elementor-widget-wrap elementor-element-populated\">\n\t\t\t\t\t\t<div class=\"elementor-element elementor-element-84cfd75 elementor-widget elementor-widget-text-editor\" data-id=\"84cfd75\" data-element_type=\"widget\" data-e-type=\"widget\" data-widget_type=\"text-editor.default\">\n\t\t\t\t<div class=\"elementor-widget-container\">\n\t\t\t\t\t\t\t\t\t<p class=\"p1\"><span class=\"s1\">De l\u2019\u00e9tude pr\u00e9alable et personnalis\u00e9e de votre projet, jusqu\u2019\u00e0 sa concr\u00e9tisation. <strong><a href=\"https:\/\/www.jlf-embouteillage.com\/\">JLF Embouteillage<\/a><\/strong> dispose d\u2019un <b>outil complet et \u00e9volutif<\/b>.\u00a0<\/span><\/p><p class=\"p1\"><span class=\"s1\">Nous mettons notre <b>savoir-faire<\/b> et notre <b>exp\u00e9rience<\/b> \u00e0 votre service pour l\u2019embouteillage de <b>tout contenu dans tout contenant<\/b>.<br \/>De la bouteille traditionnelle en verre \u00e0 celle en plastique recycl\u00e9. De forme arrondie \u00e0 carr\u00e9e. De l\u2019\u00e9tiquetage classique \u00e9tiquette\/contre-\u00e9tiquette \u00e0 celle entourant toute la bouteille. Du bouchon en li\u00e8ge \u00e0 celui en m\u00e9tal. Nous prenons un r\u00e9el plaisir \u00e0 <b>mettre en \u0153uvre toutes les audaces<\/b>.<\/span><\/p>\t\t\t\t\t\t\t\t<\/div>\n\t\t\t\t<\/div>\n\t\t\t\t\t<\/div>\n\t\t<\/div>\n\t\t\t\t\t<\/div>\n\t\t<\/section>\n\t\t\t\t<section class=\"elementor-section elementor-top-section elementor-element elementor-element-6f0aec8 elementor-section-boxed elementor-section-height-default elementor-section-height-default\" data-id=\"6f0aec8\" data-element_type=\"section\" data-e-type=\"section\">\n\t\t\t\t\t\t<div class=\"elementor-container elementor-column-gap-default\">\n\t\t\t\t\t<div class=\"elementor-column elementor-col-33 elementor-top-column elementor-element elementor-element-376a0fb\" data-id=\"376a0fb\" data-element_type=\"column\" data-e-type=\"column\">\n\t\t\t<div class=\"elementor-widget-wrap elementor-element-populated\">\n\t\t\t\t\t\t<div class=\"elementor-element elementor-element-a37bada elementor-widget elementor-widget-image\" data-id=\"a37bada\" data-element_type=\"widget\" data-e-type=\"widget\" data-widget_type=\"image.default\">\n\t\t\t\t<div class=\"elementor-widget-container\">\n\t\t\t\t\t\t\t\t\t\t\t\t\t\t\t<img decoding=\"async\" width=\"600\" height=\"901\" src=\"https:\/\/www.jlf-embouteillage.com\/wp-content\/uploads\/2019\/12\/JLF\u2013la-mise-en-bouteilles-3.png\" class=\"attachment-full size-full wp-image-689\" alt=\"JLF\u2013la-mise-en-bouteilles-3\" srcset=\"https:\/\/www.jlf-embouteillage.com\/wp-content\/uploads\/2019\/12\/JLF\u2013la-mise-en-bouteilles-3.png 600w, https:\/\/www.jlf-embouteillage.com\/wp-content\/uploads\/2019\/12\/JLF\u2013la-mise-en-bouteilles-3-200x300.png 200w\" sizes=\"100vw\" \/>\t\t\t\t\t\t\t\t\t\t\t\t\t\t\t<\/div>\n\t\t\t\t<\/div>\n\t\t\t\t\t<\/div>\n\t\t<\/div>\n\t\t\t\t<div class=\"elementor-column elementor-col-33 elementor-top-column elementor-element elementor-element-1f4ab7d\" data-id=\"1f4ab7d\" data-element_type=\"column\" data-e-type=\"column\">\n\t\t\t<div class=\"elementor-widget-wrap elementor-element-populated\">\n\t\t\t\t\t\t<div class=\"elementor-element elementor-element-0525e2a elementor-widget elementor-widget-image\" data-id=\"0525e2a\" data-element_type=\"widget\" data-e-type=\"widget\" data-widget_type=\"image.default\">\n\t\t\t\t<div class=\"elementor-widget-container\">\n\t\t\t\t\t\t\t\t\t\t\t\t\t\t\t<img decoding=\"async\" width=\"600\" height=\"900\" src=\"https:\/\/www.jlf-embouteillage.com\/wp-content\/uploads\/2019\/12\/JLF\u2013la-mise-en-bouteilles1.png\" class=\"attachment-full size-full wp-image-447\" alt=\"JLF\u2013la-mise-en-bouteilles1\" srcset=\"https:\/\/www.jlf-embouteillage.com\/wp-content\/uploads\/2019\/12\/JLF\u2013la-mise-en-bouteilles1.png 600w, https:\/\/www.jlf-embouteillage.com\/wp-content\/uploads\/2019\/12\/JLF\u2013la-mise-en-bouteilles1-200x300.png 200w\" sizes=\"100vw\" \/>\t\t\t\t\t\t\t\t\t\t\t\t\t\t\t<\/div>\n\t\t\t\t<\/div>\n\t\t\t\t\t<\/div>\n\t\t<\/div>\n\t\t\t\t<div class=\"elementor-column elementor-col-33 elementor-top-column elementor-element elementor-element-b136dfa\" data-id=\"b136dfa\" data-element_type=\"column\" data-e-type=\"column\">\n\t\t\t<div class=\"elementor-widget-wrap elementor-element-populated\">\n\t\t\t\t\t\t<div class=\"elementor-element elementor-element-fe7b2b3 elementor-widget elementor-widget-image\" data-id=\"fe7b2b3\" data-element_type=\"widget\" data-e-type=\"widget\" data-widget_type=\"image.default\">\n\t\t\t\t<div class=\"elementor-widget-container\">\n\t\t\t\t\t\t\t\t\t\t\t\t\t\t\t<img loading=\"lazy\" decoding=\"async\" width=\"600\" height=\"901\" src=\"https:\/\/www.jlf-embouteillage.com\/wp-content\/uploads\/2019\/12\/JLF\u2013la-mise-en-bouteilles-4.png\" class=\"attachment-full size-full wp-image-690\" alt=\"JLF\u2013la-mise-en-bouteilles-4\" srcset=\"https:\/\/www.jlf-embouteillage.com\/wp-content\/uploads\/2019\/12\/JLF\u2013la-mise-en-bouteilles-4.png 600w, https:\/\/www.jlf-embouteillage.com\/wp-content\/uploads\/2019\/12\/JLF\u2013la-mise-en-bouteilles-4-200x300.png 200w\" sizes=\"100vw\" \/>\t\t\t\t\t\t\t\t\t\t\t\t\t\t\t<\/div>\n\t\t\t\t<\/div>\n\t\t\t\t\t<\/div>\n\t\t<\/div>\n\t\t\t\t\t<\/div>\n\t\t<\/section>\n\t\t\t\t<\/div>\n\t\t","protected":false},"excerpt":{"rendered":"<p>De l\u2019\u00e9tude pr\u00e9alable et personnalis\u00e9e de votre projet, jusqu\u2019\u00e0 sa concr\u00e9tisation. JLF Embouteillage dispose d\u2019un outil complet et \u00e9volutif.\u00a0 Nous mettons notre savoir-faire et notre exp\u00e9rience \u00e0 votre service pour l\u2019embouteillage de tout contenu dans tout contenant.De la bouteille traditionnelle en verre \u00e0 celle en plastique recycl\u00e9. De forme arrondie \u00e0 carr\u00e9e. De l\u2019\u00e9tiquetage classique &hellip; <\/p>\n<p class=\"link-more\"><a href=\"https:\/\/www.jlf-embouteillage.com\/index.php\/nos-prestations\/la-mise-en-bouteille\/\" class=\"more-link\">Continuer la lecture<span class=\"screen-reader-text\"> de &laquo;&nbsp;La mise en bouteille&nbsp;&raquo;<\/span><\/a><\/p>\n","protected":false},"author":2,"featured_media":0,"parent":135,"menu_order":12,"comment_status":"closed","ping_status":"closed","template":"elementor_header_footer","meta":{"footnotes":""},"class_list":["post-137","page","type-page","status-publish","hentry"],"yoast_head":"<!-- This site is optimized with the Yoast SEO plugin v27.4 - https:\/\/yoast.com\/product\/yoast-seo-wordpress\/ -->\n<title>La mise en bouteille - JLF Embouteillage<\/title>\n<meta name=\"description\" content=\"De l\u2019\u00e9tude pr\u00e9alable et personnalis\u00e9e de votre projet, jusqu\u2019\u00e0 sa concr\u00e9tisation. JLF Embouteillage dispose d\u2019un outillage complet et \u00e9volutif...\" \/>\n<meta name=\"robots\" content=\"index, follow, max-snippet:-1, max-image-preview:large, max-video-preview:-1\" \/>\n<link rel=\"canonical\" href=\"https:\/\/www.jlf-embouteillage.com\/index.php\/nos-prestations\/la-mise-en-bouteille\/\" \/>\n<meta property=\"og:locale\" content=\"fr_FR\" \/>\n<meta property=\"og:type\" content=\"article\" \/>\n<meta property=\"og:title\" content=\"La mise en bouteille - JLF Embouteillage\" \/>\n<meta property=\"og:description\" content=\"De l\u2019\u00e9tude pr\u00e9alable et personnalis\u00e9e de votre projet, jusqu\u2019\u00e0 sa concr\u00e9tisation. JLF Embouteillage dispose d\u2019un outillage complet et \u00e9volutif...\" \/>\n<meta property=\"og:url\" content=\"https:\/\/www.jlf-embouteillage.com\/index.php\/nos-prestations\/la-mise-en-bouteille\/\" \/>\n<meta property=\"og:site_name\" content=\"JLF Embouteillage\" \/>\n<meta property=\"article:publisher\" content=\"https:\/\/www.facebook.com\/jlfembouteillage\/\" \/>\n<meta property=\"article:modified_time\" content=\"2019-12-18T11:27:52+00:00\" \/>\n<meta property=\"og:image\" content=\"https:\/\/www.jlf-embouteillage.com\/wp-content\/uploads\/2019\/12\/JLF\u2013la-mise-en-bouteilles-5-1.png\" \/>\n<meta name=\"twitter:card\" content=\"summary_large_image\" \/>\n<script type=\"application\/ld+json\" class=\"yoast-schema-graph\">{\"@context\":\"https:\\\/\\\/schema.org\",\"@graph\":[{\"@type\":\"WebPage\",\"@id\":\"https:\\\/\\\/www.jlf-embouteillage.com\\\/index.php\\\/nos-prestations\\\/la-mise-en-bouteille\\\/\",\"url\":\"https:\\\/\\\/www.jlf-embouteillage.com\\\/index.php\\\/nos-prestations\\\/la-mise-en-bouteille\\\/\",\"name\":\"La mise en bouteille - JLF Embouteillage\",\"isPartOf\":{\"@id\":\"https:\\\/\\\/www.jlf-embouteillage.com\\\/#website\"},\"datePublished\":\"2019-11-22T11:36:46+00:00\",\"dateModified\":\"2019-12-18T11:27:52+00:00\",\"description\":\"De l\u2019\u00e9tude pr\u00e9alable et personnalis\u00e9e de votre projet, jusqu\u2019\u00e0 sa concr\u00e9tisation. JLF Embouteillage dispose d\u2019un outillage complet et \u00e9volutif...\",\"breadcrumb\":{\"@id\":\"https:\\\/\\\/www.jlf-embouteillage.com\\\/index.php\\\/nos-prestations\\\/la-mise-en-bouteille\\\/#breadcrumb\"},\"inLanguage\":\"fr-FR\",\"potentialAction\":[{\"@type\":\"ReadAction\",\"target\":[\"https:\\\/\\\/www.jlf-embouteillage.com\\\/index.php\\\/nos-prestations\\\/la-mise-en-bouteille\\\/\"]}]},{\"@type\":\"BreadcrumbList\",\"@id\":\"https:\\\/\\\/www.jlf-embouteillage.com\\\/index.php\\\/nos-prestations\\\/la-mise-en-bouteille\\\/#breadcrumb\",\"itemListElement\":[{\"@type\":\"ListItem\",\"position\":1,\"name\":\"Accueil\",\"item\":\"https:\\\/\\\/www.jlf-embouteillage.com\\\/\"},{\"@type\":\"ListItem\",\"position\":2,\"name\":\"Nos prestations\",\"item\":\"https:\\\/\\\/www.jlf-embouteillage.com\\\/index.php\\\/nos-prestations\\\/\"},{\"@type\":\"ListItem\",\"position\":3,\"name\":\"La mise en bouteille\"}]},{\"@type\":\"WebSite\",\"@id\":\"https:\\\/\\\/www.jlf-embouteillage.com\\\/#website\",\"url\":\"https:\\\/\\\/www.jlf-embouteillage.com\\\/\",\"name\":\"JLF Embouteillage\",\"description\":\"MISE EN BOUTEILLE \\\/ CUVERIE \\\/ \\u2029STOCKAGE \\\/ EXP\u00c9DITION\",\"publisher\":{\"@id\":\"https:\\\/\\\/www.jlf-embouteillage.com\\\/#organization\"},\"potentialAction\":[{\"@type\":\"SearchAction\",\"target\":{\"@type\":\"EntryPoint\",\"urlTemplate\":\"https:\\\/\\\/www.jlf-embouteillage.com\\\/?s={search_term_string}\"},\"query-input\":{\"@type\":\"PropertyValueSpecification\",\"valueRequired\":true,\"valueName\":\"search_term_string\"}}],\"inLanguage\":\"fr-FR\"},{\"@type\":\"Organization\",\"@id\":\"https:\\\/\\\/www.jlf-embouteillage.com\\\/#organization\",\"name\":\"JLF Embouteillage\",\"url\":\"https:\\\/\\\/www.jlf-embouteillage.com\\\/\",\"logo\":{\"@type\":\"ImageObject\",\"inLanguage\":\"fr-FR\",\"@id\":\"https:\\\/\\\/www.jlf-embouteillage.com\\\/#\\\/schema\\\/logo\\\/image\\\/\",\"url\":\"https:\\\/\\\/www.jlf-embouteillage.com\\\/wp-content\\\/uploads\\\/2019\\\/12\\\/JLF-favicon.png\",\"contentUrl\":\"https:\\\/\\\/www.jlf-embouteillage.com\\\/wp-content\\\/uploads\\\/2019\\\/12\\\/JLF-favicon.png\",\"width\":512,\"height\":512,\"caption\":\"JLF Embouteillage\"},\"image\":{\"@id\":\"https:\\\/\\\/www.jlf-embouteillage.com\\\/#\\\/schema\\\/logo\\\/image\\\/\"},\"sameAs\":[\"https:\\\/\\\/www.facebook.com\\\/jlfembouteillage\\\/\"]}]}<\/script>\n<!-- \/ Yoast SEO plugin. -->","yoast_head_json":{"title":"La mise en bouteille - JLF Embouteillage","description":"De l\u2019\u00e9tude pr\u00e9alable et personnalis\u00e9e de votre projet, jusqu\u2019\u00e0 sa concr\u00e9tisation. JLF Embouteillage dispose d\u2019un outillage complet et \u00e9volutif...","robots":{"index":"index","follow":"follow","max-snippet":"max-snippet:-1","max-image-preview":"max-image-preview:large","max-video-preview":"max-video-preview:-1"},"canonical":"https:\/\/www.jlf-embouteillage.com\/index.php\/nos-prestations\/la-mise-en-bouteille\/","og_locale":"fr_FR","og_type":"article","og_title":"La mise en bouteille - JLF Embouteillage","og_description":"De l\u2019\u00e9tude pr\u00e9alable et personnalis\u00e9e de votre projet, jusqu\u2019\u00e0 sa concr\u00e9tisation. JLF Embouteillage dispose d\u2019un outillage complet et \u00e9volutif...","og_url":"https:\/\/www.jlf-embouteillage.com\/index.php\/nos-prestations\/la-mise-en-bouteille\/","og_site_name":"JLF Embouteillage","article_publisher":"https:\/\/www.facebook.com\/jlfembouteillage\/","article_modified_time":"2019-12-18T11:27:52+00:00","og_image":[{"url":"https:\/\/www.jlf-embouteillage.com\/wp-content\/uploads\/2019\/12\/JLF\u2013la-mise-en-bouteilles-5-1.png","type":"","width":"","height":""}],"twitter_card":"summary_large_image","schema":{"@context":"https:\/\/schema.org","@graph":[{"@type":"WebPage","@id":"https:\/\/www.jlf-embouteillage.com\/index.php\/nos-prestations\/la-mise-en-bouteille\/","url":"https:\/\/www.jlf-embouteillage.com\/index.php\/nos-prestations\/la-mise-en-bouteille\/","name":"La mise en bouteille - JLF Embouteillage","isPartOf":{"@id":"https:\/\/www.jlf-embouteillage.com\/#website"},"datePublished":"2019-11-22T11:36:46+00:00","dateModified":"2019-12-18T11:27:52+00:00","description":"De l\u2019\u00e9tude pr\u00e9alable et personnalis\u00e9e de votre projet, jusqu\u2019\u00e0 sa concr\u00e9tisation. JLF Embouteillage dispose d\u2019un outillage complet et \u00e9volutif...","breadcrumb":{"@id":"https:\/\/www.jlf-embouteillage.com\/index.php\/nos-prestations\/la-mise-en-bouteille\/#breadcrumb"},"inLanguage":"fr-FR","potentialAction":[{"@type":"ReadAction","target":["https:\/\/www.jlf-embouteillage.com\/index.php\/nos-prestations\/la-mise-en-bouteille\/"]}]},{"@type":"BreadcrumbList","@id":"https:\/\/www.jlf-embouteillage.com\/index.php\/nos-prestations\/la-mise-en-bouteille\/#breadcrumb","itemListElement":[{"@type":"ListItem","position":1,"name":"Accueil","item":"https:\/\/www.jlf-embouteillage.com\/"},{"@type":"ListItem","position":2,"name":"Nos prestations","item":"https:\/\/www.jlf-embouteillage.com\/index.php\/nos-prestations\/"},{"@type":"ListItem","position":3,"name":"La mise en bouteille"}]},{"@type":"WebSite","@id":"https:\/\/www.jlf-embouteillage.com\/#website","url":"https:\/\/www.jlf-embouteillage.com\/","name":"JLF Embouteillage","description":"MISE EN BOUTEILLE \/ CUVERIE \/ \u2029STOCKAGE \/ EXP\u00c9DITION","publisher":{"@id":"https:\/\/www.jlf-embouteillage.com\/#organization"},"potentialAction":[{"@type":"SearchAction","target":{"@type":"EntryPoint","urlTemplate":"https:\/\/www.jlf-embouteillage.com\/?s={search_term_string}"},"query-input":{"@type":"PropertyValueSpecification","valueRequired":true,"valueName":"search_term_string"}}],"inLanguage":"fr-FR"},{"@type":"Organization","@id":"https:\/\/www.jlf-embouteillage.com\/#organization","name":"JLF Embouteillage","url":"https:\/\/www.jlf-embouteillage.com\/","logo":{"@type":"ImageObject","inLanguage":"fr-FR","@id":"https:\/\/www.jlf-embouteillage.com\/#\/schema\/logo\/image\/","url":"https:\/\/www.jlf-embouteillage.com\/wp-content\/uploads\/2019\/12\/JLF-favicon.png","contentUrl":"https:\/\/www.jlf-embouteillage.com\/wp-content\/uploads\/2019\/12\/JLF-favicon.png","width":512,"height":512,"caption":"JLF Embouteillage"},"image":{"@id":"https:\/\/www.jlf-embouteillage.com\/#\/schema\/logo\/image\/"},"sameAs":["https:\/\/www.facebook.com\/jlfembouteillage\/"]}]}},"_links":{"self":[{"href":"https:\/\/www.jlf-embouteillage.com\/index.php\/wp-json\/wp\/v2\/pages\/137","targetHints":{"allow":["GET"]}}],"collection":[{"href":"https:\/\/www.jlf-embouteillage.com\/index.php\/wp-json\/wp\/v2\/pages"}],"about":[{"href":"https:\/\/www.jlf-embouteillage.com\/index.php\/wp-json\/wp\/v2\/types\/page"}],"author":[{"embeddable":true,"href":"https:\/\/www.jlf-embouteillage.com\/index.php\/wp-json\/wp\/v2\/users\/2"}],"replies":[{"embeddable":true,"href":"https:\/\/www.jlf-embouteillage.com\/index.php\/wp-json\/wp\/v2\/comments?post=137"}],"version-history":[{"count":16,"href":"https:\/\/www.jlf-embouteillage.com\/index.php\/wp-json\/wp\/v2\/pages\/137\/revisions"}],"predecessor-version":[{"id":742,"href":"https:\/\/www.jlf-embouteillage.com\/index.php\/wp-json\/wp\/v2\/pages\/137\/revisions\/742"}],"up":[{"embeddable":true,"href":"https:\/\/www.jlf-embouteillage.com\/index.php\/wp-json\/wp\/v2\/pages\/135"}],"wp:attachment":[{"href":"https:\/\/www.jlf-embouteillage.com\/index.php\/wp-json\/wp\/v2\/media?parent=137"}],"curies":[{"name":"wp","href":"https:\/\/api.w.org\/{rel}","templated":true}]}}