{"id":133,"date":"2019-11-22T11:35:50","date_gmt":"2019-11-22T11:35:50","guid":{"rendered":"https:\/\/www.jlf-embouteillage.com\/?page_id=133"},"modified":"2019-12-18T11:38:24","modified_gmt":"2019-12-18T11:38:24","slug":"qualites-et-normes","status":"publish","type":"page","link":"https:\/\/www.jlf-embouteillage.com\/index.php\/nos-savoir-faire\/qualites-et-normes\/","title":{"rendered":"Qualit\u00e9s et normes"},"content":{"rendered":"\t\t<div data-elementor-type=\"wp-page\" data-elementor-id=\"133\" class=\"elementor elementor-133\" data-elementor-post-type=\"page\">\n\t\t\t\t\t\t<section class=\"elementor-section elementor-top-section elementor-element elementor-element-712e652 elementor-section-boxed elementor-section-height-default elementor-section-height-default elementor-invisible\" data-id=\"712e652\" data-element_type=\"section\" data-e-type=\"section\" data-settings=\"{&quot;background_background&quot;:&quot;classic&quot;,&quot;animation&quot;:&quot;slideInDown&quot;}\">\n\t\t\t\t\t\t<div class=\"elementor-container elementor-column-gap-default\">\n\t\t\t\t\t<div class=\"elementor-column elementor-col-100 elementor-top-column elementor-element elementor-element-59fc4a1\" data-id=\"59fc4a1\" data-element_type=\"column\" data-e-type=\"column\">\n\t\t\t<div class=\"elementor-widget-wrap elementor-element-populated\">\n\t\t\t\t\t\t<div class=\"elementor-element elementor-element-9dffb96 elementor-view-stacked elementor-shape-circle elementor-widget elementor-widget-icon\" data-id=\"9dffb96\" data-element_type=\"widget\" data-e-type=\"widget\" data-widget_type=\"icon.default\">\n\t\t\t\t<div class=\"elementor-widget-container\">\n\t\t\t\t\t\t\t<div class=\"elementor-icon-wrapper\">\n\t\t\t<div class=\"elementor-icon\">\n\t\t\t<i aria-hidden=\"true\" class=\"fas fa-check\"><\/i>\t\t\t<\/div>\n\t\t<\/div>\n\t\t\t\t\t\t<\/div>\n\t\t\t\t<\/div>\n\t\t\t\t<div class=\"elementor-element elementor-element-659ecf4 elementor-widget elementor-widget-heading\" data-id=\"659ecf4\" data-element_type=\"widget\" data-e-type=\"widget\" data-widget_type=\"heading.default\">\n\t\t\t\t<div class=\"elementor-widget-container\">\n\t\t\t\t\t<h1 class=\"elementor-heading-title elementor-size-large\">4. Qualit\u00e9 et Normes<\/h1>\t\t\t\t<\/div>\n\t\t\t\t<\/div>\n\t\t\t\t<div class=\"elementor-element elementor-element-05010ff elementor-widget elementor-widget-text-editor\" data-id=\"05010ff\" data-element_type=\"widget\" data-e-type=\"widget\" data-widget_type=\"text-editor.default\">\n\t\t\t\t<div class=\"elementor-widget-container\">\n\t\t\t\t\t\t\t\t\t<p class=\"p1\"><span class=\"s1\">La <b>qualit\u00e9<\/b> fait partie int\u00e9grante des prestations de JLF Embouteillage. Outre les <b>contr\u00f4les<\/b> r\u00e9alis\u00e9s \u00e0 chaque \u00e9tape de la mise en bouteilles, nous r\u00e9pondons \u00e0 toutes les normes en vigueur.<\/span><\/p><p class=\"p1\"><span class=\"s1\"><b>HACCP :<\/b> ma\u00eetrise et s\u00e9curit\u00e9 sanitaire des liquides<br \/><b>Certification AEO<\/b>\u00a0: mouvement international des marchandises<br \/><a href=\"https:\/\/www.ecocert.com\/\" target=\"_blank\" rel=\"noopener\"><b>ECOCERT<\/b><\/a>\u00a0: certification bio<br \/><\/span><\/p>\t\t\t\t\t\t\t\t<\/div>\n\t\t\t\t<\/div>\n\t\t\t\t\t<\/div>\n\t\t<\/div>\n\t\t\t\t\t<\/div>\n\t\t<\/section>\n\t\t\t\t<section class=\"elementor-section elementor-top-section elementor-element elementor-element-4e804a2 elementor-section-boxed elementor-section-height-default elementor-section-height-default\" data-id=\"4e804a2\" data-element_type=\"section\" data-e-type=\"section\" data-settings=\"{&quot;background_background&quot;:&quot;classic&quot;}\">\n\t\t\t\t\t\t<div class=\"elementor-container elementor-column-gap-default\">\n\t\t\t\t\t<div class=\"elementor-column elementor-col-100 elementor-top-column elementor-element elementor-element-85b6053\" data-id=\"85b6053\" data-element_type=\"column\" data-e-type=\"column\">\n\t\t\t<div class=\"elementor-widget-wrap elementor-element-populated\">\n\t\t\t\t\t\t<div class=\"elementor-element elementor-element-0c108d8 elementor-widget elementor-widget-image\" data-id=\"0c108d8\" data-element_type=\"widget\" data-e-type=\"widget\" data-widget_type=\"image.default\">\n\t\t\t\t<div class=\"elementor-widget-container\">\n\t\t\t\t\t\t\t\t\t\t\t\t\t\t\t<img fetchpriority=\"high\" decoding=\"async\" width=\"1200\" height=\"801\" src=\"https:\/\/www.jlf-embouteillage.com\/wp-content\/uploads\/2019\/12\/JLF-Qualite\u0301-complet.png\" class=\"attachment-full size-full wp-image-425\" alt=\"JLF-Qualite\u0301-complet\" srcset=\"https:\/\/www.jlf-embouteillage.com\/wp-content\/uploads\/2019\/12\/JLF-Qualite\u0301-complet.png 1200w, https:\/\/www.jlf-embouteillage.com\/wp-content\/uploads\/2019\/12\/JLF-Qualite\u0301-complet-300x200.png 300w, https:\/\/www.jlf-embouteillage.com\/wp-content\/uploads\/2019\/12\/JLF-Qualite\u0301-complet-1024x684.png 1024w, https:\/\/www.jlf-embouteillage.com\/wp-content\/uploads\/2019\/12\/JLF-Qualite\u0301-complet-768x513.png 768w\" sizes=\"100vw\" \/>\t\t\t\t\t\t\t\t\t\t\t\t\t\t\t<\/div>\n\t\t\t\t<\/div>\n\t\t\t\t\t<\/div>\n\t\t<\/div>\n\t\t\t\t\t<\/div>\n\t\t<\/section>\n\t\t\t\t<section class=\"elementor-section elementor-top-section elementor-element elementor-element-cebde00 elementor-section-boxed elementor-section-height-default elementor-section-height-default\" data-id=\"cebde00\" data-element_type=\"section\" data-e-type=\"section\" data-settings=\"{&quot;background_background&quot;:&quot;classic&quot;}\">\n\t\t\t\t\t\t<div class=\"elementor-container elementor-column-gap-no\">\n\t\t\t\t\t<div class=\"elementor-column elementor-col-50 elementor-top-column elementor-element elementor-element-b0d67b7\" data-id=\"b0d67b7\" data-element_type=\"column\" data-e-type=\"column\">\n\t\t\t<div class=\"elementor-widget-wrap elementor-element-populated\">\n\t\t\t\t\t\t<div class=\"elementor-element elementor-element-118eced elementor-align-left elementor-mobile-align-center elementor-widget elementor-widget-button\" data-id=\"118eced\" data-element_type=\"widget\" data-e-type=\"widget\" data-widget_type=\"button.default\">\n\t\t\t\t<div class=\"elementor-widget-container\">\n\t\t\t\t\t\t\t\t\t<div class=\"elementor-button-wrapper\">\n\t\t\t\t\t<a class=\"elementor-button elementor-button-link elementor-size-md\" href=\"https:\/\/www.jlf-embouteillage.com\/index.php\/nos-savoir-faire\/lembouteillage\/\">\n\t\t\t\t\t\t<span class=\"elementor-button-content-wrapper\">\n\t\t\t\t\t\t<span class=\"elementor-button-icon\">\n\t\t\t\t<i aria-hidden=\"true\" class=\"fas fa-angle-left\"><\/i>\t\t\t<\/span>\n\t\t\t\t\t\t\t\t\t<span class=\"elementor-button-text\">3. L'embouteillage<\/span>\n\t\t\t\t\t<\/span>\n\t\t\t\t\t<\/a>\n\t\t\t\t<\/div>\n\t\t\t\t\t\t\t\t<\/div>\n\t\t\t\t<\/div>\n\t\t\t\t\t<\/div>\n\t\t<\/div>\n\t\t\t\t<div class=\"elementor-column elementor-col-50 elementor-top-column elementor-element elementor-element-8778564 elementor-hidden-tablet elementor-hidden-phone\" data-id=\"8778564\" data-element_type=\"column\" data-e-type=\"column\">\n\t\t\t<div class=\"elementor-widget-wrap elementor-element-populated\">\n\t\t\t\t\t\t\t<\/div>\n\t\t<\/div>\n\t\t\t\t\t<\/div>\n\t\t<\/section>\n\t\t\t\t<\/div>\n\t\t","protected":false},"excerpt":{"rendered":"<p>4. Qualit\u00e9 et Normes La qualit\u00e9 fait partie int\u00e9grante des prestations de JLF Embouteillage. Outre les contr\u00f4les r\u00e9alis\u00e9s \u00e0 chaque \u00e9tape de la mise en bouteilles, nous r\u00e9pondons \u00e0 toutes les normes en vigueur. HACCP : ma\u00eetrise et s\u00e9curit\u00e9 sanitaire des liquidesCertification AEO\u00a0: mouvement international des marchandisesECOCERT\u00a0: certification bio 3. L&#8217;embouteillage<\/p>\n","protected":false},"author":2,"featured_media":0,"parent":125,"menu_order":10,"comment_status":"closed","ping_status":"closed","template":"elementor_header_footer","meta":{"footnotes":""},"class_list":["post-133","page","type-page","status-publish","hentry"],"yoast_head":"<!-- This site is optimized with the Yoast SEO plugin v27.5 - https:\/\/yoast.com\/product\/yoast-seo-wordpress\/ -->\n<title>Qualit\u00e9s et normes - JLF Embouteillage<\/title>\n<meta name=\"description\" content=\"La qualit\u00e9 fait part int\u00e9grante des prestations de JLF Embouteillage. Outre les contr\u00f4les r\u00e9alis\u00e9s \u00e0 chaque \u00e9tape de la mise en bouteilles...\" \/>\n<meta name=\"robots\" content=\"index, follow, max-snippet:-1, max-image-preview:large, max-video-preview:-1\" \/>\n<link rel=\"canonical\" href=\"https:\/\/www.jlf-embouteillage.com\/index.php\/nos-savoir-faire\/qualites-et-normes\/\" \/>\n<meta property=\"og:locale\" content=\"fr_FR\" \/>\n<meta property=\"og:type\" content=\"article\" \/>\n<meta property=\"og:title\" content=\"Qualit\u00e9s et normes - JLF Embouteillage\" \/>\n<meta property=\"og:description\" content=\"La qualit\u00e9 fait part int\u00e9grante des prestations de JLF Embouteillage. Outre les contr\u00f4les r\u00e9alis\u00e9s \u00e0 chaque \u00e9tape de la mise en bouteilles...\" \/>\n<meta property=\"og:url\" content=\"https:\/\/www.jlf-embouteillage.com\/index.php\/nos-savoir-faire\/qualites-et-normes\/\" \/>\n<meta property=\"og:site_name\" content=\"JLF Embouteillage\" \/>\n<meta property=\"article:publisher\" content=\"https:\/\/www.facebook.com\/jlfembouteillage\/\" \/>\n<meta property=\"article:modified_time\" content=\"2019-12-18T11:38:24+00:00\" \/>\n<meta property=\"og:image\" content=\"https:\/\/www.jlf-embouteillage.com\/wp-content\/uploads\/2019\/12\/JLF-Qualite\u0301-complet.png\" \/>\n<meta name=\"twitter:card\" content=\"summary_large_image\" \/>\n<script type=\"application\/ld+json\" class=\"yoast-schema-graph\">{\"@context\":\"https:\\\/\\\/schema.org\",\"@graph\":[{\"@type\":\"WebPage\",\"@id\":\"https:\\\/\\\/www.jlf-embouteillage.com\\\/index.php\\\/nos-savoir-faire\\\/qualites-et-normes\\\/\",\"url\":\"https:\\\/\\\/www.jlf-embouteillage.com\\\/index.php\\\/nos-savoir-faire\\\/qualites-et-normes\\\/\",\"name\":\"Qualit\u00e9s et normes - JLF Embouteillage\",\"isPartOf\":{\"@id\":\"https:\\\/\\\/www.jlf-embouteillage.com\\\/#website\"},\"datePublished\":\"2019-11-22T11:35:50+00:00\",\"dateModified\":\"2019-12-18T11:38:24+00:00\",\"description\":\"La qualit\u00e9 fait part int\u00e9grante des prestations de JLF Embouteillage. Outre les contr\u00f4les r\u00e9alis\u00e9s \u00e0 chaque \u00e9tape de la mise en bouteilles...\",\"breadcrumb\":{\"@id\":\"https:\\\/\\\/www.jlf-embouteillage.com\\\/index.php\\\/nos-savoir-faire\\\/qualites-et-normes\\\/#breadcrumb\"},\"inLanguage\":\"fr-FR\",\"potentialAction\":[{\"@type\":\"ReadAction\",\"target\":[\"https:\\\/\\\/www.jlf-embouteillage.com\\\/index.php\\\/nos-savoir-faire\\\/qualites-et-normes\\\/\"]}]},{\"@type\":\"BreadcrumbList\",\"@id\":\"https:\\\/\\\/www.jlf-embouteillage.com\\\/index.php\\\/nos-savoir-faire\\\/qualites-et-normes\\\/#breadcrumb\",\"itemListElement\":[{\"@type\":\"ListItem\",\"position\":1,\"name\":\"Accueil\",\"item\":\"https:\\\/\\\/www.jlf-embouteillage.com\\\/\"},{\"@type\":\"ListItem\",\"position\":2,\"name\":\"Nos savoir-faire\",\"item\":\"https:\\\/\\\/www.jlf-embouteillage.com\\\/index.php\\\/nos-savoir-faire\\\/\"},{\"@type\":\"ListItem\",\"position\":3,\"name\":\"Qualit\u00e9s et normes\"}]},{\"@type\":\"WebSite\",\"@id\":\"https:\\\/\\\/www.jlf-embouteillage.com\\\/#website\",\"url\":\"https:\\\/\\\/www.jlf-embouteillage.com\\\/\",\"name\":\"JLF Embouteillage\",\"description\":\"MISE EN BOUTEILLE \\\/ CUVERIE \\\/ \\u2029STOCKAGE \\\/ EXP\u00c9DITION\",\"publisher\":{\"@id\":\"https:\\\/\\\/www.jlf-embouteillage.com\\\/#organization\"},\"potentialAction\":[{\"@type\":\"SearchAction\",\"target\":{\"@type\":\"EntryPoint\",\"urlTemplate\":\"https:\\\/\\\/www.jlf-embouteillage.com\\\/?s={search_term_string}\"},\"query-input\":{\"@type\":\"PropertyValueSpecification\",\"valueRequired\":true,\"valueName\":\"search_term_string\"}}],\"inLanguage\":\"fr-FR\"},{\"@type\":\"Organization\",\"@id\":\"https:\\\/\\\/www.jlf-embouteillage.com\\\/#organization\",\"name\":\"JLF Embouteillage\",\"url\":\"https:\\\/\\\/www.jlf-embouteillage.com\\\/\",\"logo\":{\"@type\":\"ImageObject\",\"inLanguage\":\"fr-FR\",\"@id\":\"https:\\\/\\\/www.jlf-embouteillage.com\\\/#\\\/schema\\\/logo\\\/image\\\/\",\"url\":\"https:\\\/\\\/www.jlf-embouteillage.com\\\/wp-content\\\/uploads\\\/2019\\\/12\\\/JLF-favicon.png\",\"contentUrl\":\"https:\\\/\\\/www.jlf-embouteillage.com\\\/wp-content\\\/uploads\\\/2019\\\/12\\\/JLF-favicon.png\",\"width\":512,\"height\":512,\"caption\":\"JLF Embouteillage\"},\"image\":{\"@id\":\"https:\\\/\\\/www.jlf-embouteillage.com\\\/#\\\/schema\\\/logo\\\/image\\\/\"},\"sameAs\":[\"https:\\\/\\\/www.facebook.com\\\/jlfembouteillage\\\/\"]}]}<\/script>\n<!-- \/ Yoast SEO plugin. -->","yoast_head_json":{"title":"Qualit\u00e9s et normes - JLF Embouteillage","description":"La qualit\u00e9 fait part int\u00e9grante des prestations de JLF Embouteillage. Outre les contr\u00f4les r\u00e9alis\u00e9s \u00e0 chaque \u00e9tape de la mise en bouteilles...","robots":{"index":"index","follow":"follow","max-snippet":"max-snippet:-1","max-image-preview":"max-image-preview:large","max-video-preview":"max-video-preview:-1"},"canonical":"https:\/\/www.jlf-embouteillage.com\/index.php\/nos-savoir-faire\/qualites-et-normes\/","og_locale":"fr_FR","og_type":"article","og_title":"Qualit\u00e9s et normes - JLF Embouteillage","og_description":"La qualit\u00e9 fait part int\u00e9grante des prestations de JLF Embouteillage. Outre les contr\u00f4les r\u00e9alis\u00e9s \u00e0 chaque \u00e9tape de la mise en bouteilles...","og_url":"https:\/\/www.jlf-embouteillage.com\/index.php\/nos-savoir-faire\/qualites-et-normes\/","og_site_name":"JLF Embouteillage","article_publisher":"https:\/\/www.facebook.com\/jlfembouteillage\/","article_modified_time":"2019-12-18T11:38:24+00:00","og_image":[{"url":"https:\/\/www.jlf-embouteillage.com\/wp-content\/uploads\/2019\/12\/JLF-Qualite\u0301-complet.png","type":"","width":"","height":""}],"twitter_card":"summary_large_image","schema":{"@context":"https:\/\/schema.org","@graph":[{"@type":"WebPage","@id":"https:\/\/www.jlf-embouteillage.com\/index.php\/nos-savoir-faire\/qualites-et-normes\/","url":"https:\/\/www.jlf-embouteillage.com\/index.php\/nos-savoir-faire\/qualites-et-normes\/","name":"Qualit\u00e9s et normes - JLF Embouteillage","isPartOf":{"@id":"https:\/\/www.jlf-embouteillage.com\/#website"},"datePublished":"2019-11-22T11:35:50+00:00","dateModified":"2019-12-18T11:38:24+00:00","description":"La qualit\u00e9 fait part int\u00e9grante des prestations de JLF Embouteillage. Outre les contr\u00f4les r\u00e9alis\u00e9s \u00e0 chaque \u00e9tape de la mise en bouteilles...","breadcrumb":{"@id":"https:\/\/www.jlf-embouteillage.com\/index.php\/nos-savoir-faire\/qualites-et-normes\/#breadcrumb"},"inLanguage":"fr-FR","potentialAction":[{"@type":"ReadAction","target":["https:\/\/www.jlf-embouteillage.com\/index.php\/nos-savoir-faire\/qualites-et-normes\/"]}]},{"@type":"BreadcrumbList","@id":"https:\/\/www.jlf-embouteillage.com\/index.php\/nos-savoir-faire\/qualites-et-normes\/#breadcrumb","itemListElement":[{"@type":"ListItem","position":1,"name":"Accueil","item":"https:\/\/www.jlf-embouteillage.com\/"},{"@type":"ListItem","position":2,"name":"Nos savoir-faire","item":"https:\/\/www.jlf-embouteillage.com\/index.php\/nos-savoir-faire\/"},{"@type":"ListItem","position":3,"name":"Qualit\u00e9s et normes"}]},{"@type":"WebSite","@id":"https:\/\/www.jlf-embouteillage.com\/#website","url":"https:\/\/www.jlf-embouteillage.com\/","name":"JLF Embouteillage","description":"MISE EN BOUTEILLE \/ CUVERIE \/ \u2029STOCKAGE \/ EXP\u00c9DITION","publisher":{"@id":"https:\/\/www.jlf-embouteillage.com\/#organization"},"potentialAction":[{"@type":"SearchAction","target":{"@type":"EntryPoint","urlTemplate":"https:\/\/www.jlf-embouteillage.com\/?s={search_term_string}"},"query-input":{"@type":"PropertyValueSpecification","valueRequired":true,"valueName":"search_term_string"}}],"inLanguage":"fr-FR"},{"@type":"Organization","@id":"https:\/\/www.jlf-embouteillage.com\/#organization","name":"JLF Embouteillage","url":"https:\/\/www.jlf-embouteillage.com\/","logo":{"@type":"ImageObject","inLanguage":"fr-FR","@id":"https:\/\/www.jlf-embouteillage.com\/#\/schema\/logo\/image\/","url":"https:\/\/www.jlf-embouteillage.com\/wp-content\/uploads\/2019\/12\/JLF-favicon.png","contentUrl":"https:\/\/www.jlf-embouteillage.com\/wp-content\/uploads\/2019\/12\/JLF-favicon.png","width":512,"height":512,"caption":"JLF Embouteillage"},"image":{"@id":"https:\/\/www.jlf-embouteillage.com\/#\/schema\/logo\/image\/"},"sameAs":["https:\/\/www.facebook.com\/jlfembouteillage\/"]}]}},"_links":{"self":[{"href":"https:\/\/www.jlf-embouteillage.com\/index.php\/wp-json\/wp\/v2\/pages\/133","targetHints":{"allow":["GET"]}}],"collection":[{"href":"https:\/\/www.jlf-embouteillage.com\/index.php\/wp-json\/wp\/v2\/pages"}],"about":[{"href":"https:\/\/www.jlf-embouteillage.com\/index.php\/wp-json\/wp\/v2\/types\/page"}],"author":[{"embeddable":true,"href":"https:\/\/www.jlf-embouteillage.com\/index.php\/wp-json\/wp\/v2\/users\/2"}],"replies":[{"embeddable":true,"href":"https:\/\/www.jlf-embouteillage.com\/index.php\/wp-json\/wp\/v2\/comments?post=133"}],"version-history":[{"count":11,"href":"https:\/\/www.jlf-embouteillage.com\/index.php\/wp-json\/wp\/v2\/pages\/133\/revisions"}],"predecessor-version":[{"id":748,"href":"https:\/\/www.jlf-embouteillage.com\/index.php\/wp-json\/wp\/v2\/pages\/133\/revisions\/748"}],"up":[{"embeddable":true,"href":"https:\/\/www.jlf-embouteillage.com\/index.php\/wp-json\/wp\/v2\/pages\/125"}],"wp:attachment":[{"href":"https:\/\/www.jlf-embouteillage.com\/index.php\/wp-json\/wp\/v2\/media?parent=133"}],"curies":[{"name":"wp","href":"https:\/\/api.w.org\/{rel}","templated":true}]}}