{"id":129,"date":"2019-11-22T11:34:58","date_gmt":"2019-11-22T11:34:58","guid":{"rendered":"https:\/\/www.jlf-embouteillage.com\/?page_id=129"},"modified":"2019-12-12T15:24:54","modified_gmt":"2019-12-12T15:24:54","slug":"la-mise-en-oeuvre","status":"publish","type":"page","link":"https:\/\/www.jlf-embouteillage.com\/index.php\/nos-savoir-faire\/la-mise-en-oeuvre\/","title":{"rendered":"La mise en \u0153uvre"},"content":{"rendered":"\t\t<div data-elementor-type=\"wp-page\" data-elementor-id=\"129\" class=\"elementor elementor-129\" data-elementor-post-type=\"page\">\n\t\t\t\t\t\t<section class=\"elementor-section elementor-top-section elementor-element elementor-element-d46baf2 elementor-section-boxed elementor-section-height-default elementor-section-height-default elementor-invisible\" data-id=\"d46baf2\" data-element_type=\"section\" data-e-type=\"section\" data-settings=\"{&quot;background_background&quot;:&quot;classic&quot;,&quot;animation&quot;:&quot;slideInDown&quot;}\">\n\t\t\t\t\t\t<div class=\"elementor-container elementor-column-gap-default\">\n\t\t\t\t\t<div class=\"elementor-column elementor-col-100 elementor-top-column elementor-element elementor-element-d8aa44b\" data-id=\"d8aa44b\" data-element_type=\"column\" data-e-type=\"column\">\n\t\t\t<div class=\"elementor-widget-wrap elementor-element-populated\">\n\t\t\t\t\t\t<div class=\"elementor-element elementor-element-7f5486e elementor-view-stacked elementor-shape-circle elementor-widget elementor-widget-icon\" data-id=\"7f5486e\" data-element_type=\"widget\" data-e-type=\"widget\" data-widget_type=\"icon.default\">\n\t\t\t\t<div class=\"elementor-widget-container\">\n\t\t\t\t\t\t\t<div class=\"elementor-icon-wrapper\">\n\t\t\t<div class=\"elementor-icon\">\n\t\t\t<i aria-hidden=\"true\" class=\"fas fa-box-open\"><\/i>\t\t\t<\/div>\n\t\t<\/div>\n\t\t\t\t\t\t<\/div>\n\t\t\t\t<\/div>\n\t\t\t\t<div class=\"elementor-element elementor-element-f0ebd2a elementor-widget elementor-widget-heading\" data-id=\"f0ebd2a\" data-element_type=\"widget\" data-e-type=\"widget\" data-widget_type=\"heading.default\">\n\t\t\t\t<div class=\"elementor-widget-container\">\n\t\t\t\t\t<h1 class=\"elementor-heading-title elementor-size-large\">2. La mise en oeuvre<\/h1>\t\t\t\t<\/div>\n\t\t\t\t<\/div>\n\t\t\t\t<div class=\"elementor-element elementor-element-3d9f6b6 elementor-widget elementor-widget-text-editor\" data-id=\"3d9f6b6\" data-element_type=\"widget\" data-e-type=\"widget\" data-widget_type=\"text-editor.default\">\n\t\t\t\t<div class=\"elementor-widget-container\">\n\t\t\t\t\t\t\t\t\t<p><a href=\"https:\/\/www.jlf-embouteillage.com\/\"><strong>JLF Embouteillage<\/strong><\/a> se charge de la <b>r\u00e9ception et du stockage de toutes les mati\u00e8res s\u00e8ches<\/b> n\u00e9cessaires \u00e0 la mise en bouteilles. Cartons d\u2019emballage, bouteilles, capsules, bouchons et \u00e9tiquettes sont m\u00e9ticuleusement conserv\u00e9s \u00e0 l\u2019abri dans notre <b>b\u00e2timent de 1000m\u00b2<\/b>.<\/p>\n<p><strong><a href=\"https:\/\/www.jlf-embouteillage.com\/\">JLF Embouteillage<\/a><\/strong> r\u00e9pond aux besoins de <b>tra\u00e7abilit\u00e9<\/b> par le marquage de vos bouteilles, caisses, palettes, et aux <b>obligations douani\u00e8res<\/b> en apposant macarons et bandes fiscales.<\/p>\n<p>Les produits finis sont stock\u00e9s et en attente d&rsquo;\u00eatre exp\u00e9di\u00e9s selon vos demandes par conteneur ou autres.<\/p>\t\t\t\t\t\t\t\t<\/div>\n\t\t\t\t<\/div>\n\t\t\t\t\t<\/div>\n\t\t<\/div>\n\t\t\t\t\t<\/div>\n\t\t<\/section>\n\t\t\t\t<section class=\"elementor-section elementor-top-section elementor-element elementor-element-4da2a2a elementor-section-boxed elementor-section-height-default elementor-section-height-default\" data-id=\"4da2a2a\" data-element_type=\"section\" data-e-type=\"section\" data-settings=\"{&quot;background_background&quot;:&quot;classic&quot;}\">\n\t\t\t\t\t\t<div class=\"elementor-container elementor-column-gap-default\">\n\t\t\t\t\t<div class=\"elementor-column elementor-col-66 elementor-top-column elementor-element elementor-element-a333b46\" data-id=\"a333b46\" data-element_type=\"column\" data-e-type=\"column\">\n\t\t\t<div class=\"elementor-widget-wrap elementor-element-populated\">\n\t\t\t\t\t\t<div class=\"elementor-element elementor-element-f8219a2 elementor-widget elementor-widget-image\" data-id=\"f8219a2\" data-element_type=\"widget\" data-e-type=\"widget\" data-widget_type=\"image.default\">\n\t\t\t\t<div class=\"elementor-widget-container\">\n\t\t\t\t\t\t\t\t\t\t\t\t\t\t\t<img fetchpriority=\"high\" decoding=\"async\" width=\"1200\" height=\"800\" src=\"https:\/\/www.jlf-embouteillage.com\/wp-content\/uploads\/2019\/12\/JLF-la-mise-en-oeuvre-1.png\" class=\"attachment-full size-full wp-image-514\" alt=\"JLF-la-mise-en-oeuvre-1\" srcset=\"https:\/\/www.jlf-embouteillage.com\/wp-content\/uploads\/2019\/12\/JLF-la-mise-en-oeuvre-1.png 1200w, https:\/\/www.jlf-embouteillage.com\/wp-content\/uploads\/2019\/12\/JLF-la-mise-en-oeuvre-1-300x200.png 300w, https:\/\/www.jlf-embouteillage.com\/wp-content\/uploads\/2019\/12\/JLF-la-mise-en-oeuvre-1-1024x683.png 1024w, https:\/\/www.jlf-embouteillage.com\/wp-content\/uploads\/2019\/12\/JLF-la-mise-en-oeuvre-1-768x512.png 768w\" sizes=\"100vw\" \/>\t\t\t\t\t\t\t\t\t\t\t\t\t\t\t<\/div>\n\t\t\t\t<\/div>\n\t\t\t\t\t<\/div>\n\t\t<\/div>\n\t\t\t\t<div class=\"elementor-column elementor-col-33 elementor-top-column elementor-element elementor-element-0fc0eea\" data-id=\"0fc0eea\" data-element_type=\"column\" data-e-type=\"column\">\n\t\t\t<div class=\"elementor-widget-wrap elementor-element-populated\">\n\t\t\t\t\t\t<div class=\"elementor-element elementor-element-3d05999 elementor-widget elementor-widget-image\" data-id=\"3d05999\" data-element_type=\"widget\" data-e-type=\"widget\" data-widget_type=\"image.default\">\n\t\t\t\t<div class=\"elementor-widget-container\">\n\t\t\t\t\t\t\t\t\t\t\t\t\t\t\t<img decoding=\"async\" width=\"532\" height=\"800\" src=\"https:\/\/www.jlf-embouteillage.com\/wp-content\/uploads\/2019\/12\/JLF-la-mise-en-oeuvre-2.png\" class=\"attachment-full size-full wp-image-515\" alt=\"JLF-la-mise-en-oeuvre-2\" srcset=\"https:\/\/www.jlf-embouteillage.com\/wp-content\/uploads\/2019\/12\/JLF-la-mise-en-oeuvre-2.png 532w, https:\/\/www.jlf-embouteillage.com\/wp-content\/uploads\/2019\/12\/JLF-la-mise-en-oeuvre-2-200x300.png 200w\" sizes=\"100vw\" \/>\t\t\t\t\t\t\t\t\t\t\t\t\t\t\t<\/div>\n\t\t\t\t<\/div>\n\t\t\t\t\t<\/div>\n\t\t<\/div>\n\t\t\t\t\t<\/div>\n\t\t<\/section>\n\t\t\t\t<section class=\"elementor-section elementor-top-section elementor-element elementor-element-ff15b71 elementor-section-boxed elementor-section-height-default elementor-section-height-default\" data-id=\"ff15b71\" data-element_type=\"section\" data-e-type=\"section\" data-settings=\"{&quot;background_background&quot;:&quot;classic&quot;}\">\n\t\t\t\t\t\t<div class=\"elementor-container elementor-column-gap-default\">\n\t\t\t\t\t<div class=\"elementor-column elementor-col-100 elementor-top-column elementor-element elementor-element-17a545e\" data-id=\"17a545e\" data-element_type=\"column\" data-e-type=\"column\">\n\t\t\t<div class=\"elementor-widget-wrap elementor-element-populated\">\n\t\t\t\t\t\t<div class=\"elementor-element elementor-element-f9ed982 elementor-widget elementor-widget-image\" data-id=\"f9ed982\" data-element_type=\"widget\" data-e-type=\"widget\" data-widget_type=\"image.default\">\n\t\t\t\t<div class=\"elementor-widget-container\">\n\t\t\t\t\t\t\t\t\t\t\t\t\t\t\t<img decoding=\"async\" width=\"1200\" height=\"800\" src=\"https:\/\/www.jlf-embouteillage.com\/wp-content\/uploads\/2019\/12\/JLF-la-mise-en-oeuvre-3.png\" class=\"attachment-full size-full wp-image-516\" alt=\"JLF-la-mise-en-oeuvre-3\" srcset=\"https:\/\/www.jlf-embouteillage.com\/wp-content\/uploads\/2019\/12\/JLF-la-mise-en-oeuvre-3.png 1200w, https:\/\/www.jlf-embouteillage.com\/wp-content\/uploads\/2019\/12\/JLF-la-mise-en-oeuvre-3-300x200.png 300w, https:\/\/www.jlf-embouteillage.com\/wp-content\/uploads\/2019\/12\/JLF-la-mise-en-oeuvre-3-1024x683.png 1024w, https:\/\/www.jlf-embouteillage.com\/wp-content\/uploads\/2019\/12\/JLF-la-mise-en-oeuvre-3-768x512.png 768w\" sizes=\"100vw\" \/>\t\t\t\t\t\t\t\t\t\t\t\t\t\t\t<\/div>\n\t\t\t\t<\/div>\n\t\t\t\t\t<\/div>\n\t\t<\/div>\n\t\t\t\t\t<\/div>\n\t\t<\/section>\n\t\t\t\t<section class=\"elementor-section elementor-top-section elementor-element elementor-element-d632402 elementor-section-boxed elementor-section-height-default elementor-section-height-default\" data-id=\"d632402\" data-element_type=\"section\" data-e-type=\"section\" data-settings=\"{&quot;background_background&quot;:&quot;classic&quot;}\">\n\t\t\t\t\t\t<div class=\"elementor-container elementor-column-gap-no\">\n\t\t\t\t\t<div class=\"elementor-column elementor-col-50 elementor-top-column elementor-element elementor-element-878c3f9\" data-id=\"878c3f9\" data-element_type=\"column\" data-e-type=\"column\">\n\t\t\t<div class=\"elementor-widget-wrap elementor-element-populated\">\n\t\t\t\t\t\t<div class=\"elementor-element elementor-element-122fb48 elementor-align-left elementor-mobile-align-center elementor-widget elementor-widget-button\" data-id=\"122fb48\" data-element_type=\"widget\" data-e-type=\"widget\" data-widget_type=\"button.default\">\n\t\t\t\t<div class=\"elementor-widget-container\">\n\t\t\t\t\t\t\t\t\t<div class=\"elementor-button-wrapper\">\n\t\t\t\t\t<a class=\"elementor-button elementor-button-link elementor-size-md\" href=\"https:\/\/www.jlf-embouteillage.com\/index.php\/nos-savoir-faire\/letude-de-tous-vos-projets\/\">\n\t\t\t\t\t\t<span class=\"elementor-button-content-wrapper\">\n\t\t\t\t\t\t<span class=\"elementor-button-icon\">\n\t\t\t\t<i aria-hidden=\"true\" class=\"fas fa-angle-left\"><\/i>\t\t\t<\/span>\n\t\t\t\t\t\t\t\t\t<span class=\"elementor-button-text\">1. L'\u00e9tude de tous vos projets<\/span>\n\t\t\t\t\t<\/span>\n\t\t\t\t\t<\/a>\n\t\t\t\t<\/div>\n\t\t\t\t\t\t\t\t<\/div>\n\t\t\t\t<\/div>\n\t\t\t\t\t<\/div>\n\t\t<\/div>\n\t\t\t\t<div class=\"elementor-column elementor-col-50 elementor-top-column elementor-element elementor-element-2f2c917\" data-id=\"2f2c917\" data-element_type=\"column\" data-e-type=\"column\">\n\t\t\t<div class=\"elementor-widget-wrap elementor-element-populated\">\n\t\t\t\t\t\t<div class=\"elementor-element elementor-element-20da043 elementor-align-right elementor-mobile-align-center elementor-widget elementor-widget-button\" data-id=\"20da043\" data-element_type=\"widget\" data-e-type=\"widget\" data-widget_type=\"button.default\">\n\t\t\t\t<div class=\"elementor-widget-container\">\n\t\t\t\t\t\t\t\t\t<div class=\"elementor-button-wrapper\">\n\t\t\t\t\t<a class=\"elementor-button elementor-button-link elementor-size-md\" href=\"https:\/\/www.jlf-embouteillage.com\/index.php\/nos-savoir-faire\/lembouteillage\/\">\n\t\t\t\t\t\t<span class=\"elementor-button-content-wrapper\">\n\t\t\t\t\t\t<span class=\"elementor-button-icon\">\n\t\t\t\t<i aria-hidden=\"true\" class=\"fas fa-angle-right\"><\/i>\t\t\t<\/span>\n\t\t\t\t\t\t\t\t\t<span class=\"elementor-button-text\">3. L'embouteillage<\/span>\n\t\t\t\t\t<\/span>\n\t\t\t\t\t<\/a>\n\t\t\t\t<\/div>\n\t\t\t\t\t\t\t\t<\/div>\n\t\t\t\t<\/div>\n\t\t\t\t\t<\/div>\n\t\t<\/div>\n\t\t\t\t\t<\/div>\n\t\t<\/section>\n\t\t\t\t<\/div>\n\t\t","protected":false},"excerpt":{"rendered":"<p>2. La mise en oeuvre JLF Embouteillage se charge de la r\u00e9ception et du stockage de toutes les mati\u00e8res s\u00e8ches n\u00e9cessaires \u00e0 la mise en bouteilles. Cartons d\u2019emballage, bouteilles, capsules, bouchons et \u00e9tiquettes sont m\u00e9ticuleusement conserv\u00e9s \u00e0 l\u2019abri dans notre b\u00e2timent de 1000m\u00b2. JLF Embouteillage r\u00e9pond aux besoins de tra\u00e7abilit\u00e9 par le marquage de vos &hellip; <\/p>\n<p class=\"link-more\"><a href=\"https:\/\/www.jlf-embouteillage.com\/index.php\/nos-savoir-faire\/la-mise-en-oeuvre\/\" class=\"more-link\">Continuer la lecture<span class=\"screen-reader-text\"> de &laquo;&nbsp;La mise en \u0153uvre&nbsp;&raquo;<\/span><\/a><\/p>\n","protected":false},"author":2,"featured_media":0,"parent":125,"menu_order":8,"comment_status":"closed","ping_status":"closed","template":"elementor_header_footer","meta":{"footnotes":""},"class_list":["post-129","page","type-page","status-publish","hentry"],"yoast_head":"<!-- This site is optimized with the Yoast SEO plugin v27.4 - https:\/\/yoast.com\/product\/yoast-seo-wordpress\/ -->\n<title>La mise en \u0153uvre - JLF Embouteillage<\/title>\n<meta name=\"description\" content=\"JLF Embouteillage se charge de la r\u00e9ception et du stockage de toutes les mati\u00e8res s\u00e8ches n\u00e9cessaires \u00e0 la mise en bouteilles. Cartons d\u2019emballage, ...\" \/>\n<meta name=\"robots\" content=\"index, follow, max-snippet:-1, max-image-preview:large, max-video-preview:-1\" \/>\n<link rel=\"canonical\" href=\"https:\/\/www.jlf-embouteillage.com\/index.php\/nos-savoir-faire\/la-mise-en-oeuvre\/\" \/>\n<meta property=\"og:locale\" content=\"fr_FR\" \/>\n<meta property=\"og:type\" content=\"article\" \/>\n<meta property=\"og:title\" content=\"La mise en \u0153uvre - JLF Embouteillage\" \/>\n<meta property=\"og:description\" content=\"JLF Embouteillage se charge de la r\u00e9ception et du stockage de toutes les mati\u00e8res s\u00e8ches n\u00e9cessaires \u00e0 la mise en bouteilles. Cartons d\u2019emballage, ...\" \/>\n<meta property=\"og:url\" content=\"https:\/\/www.jlf-embouteillage.com\/index.php\/nos-savoir-faire\/la-mise-en-oeuvre\/\" \/>\n<meta property=\"og:site_name\" content=\"JLF Embouteillage\" \/>\n<meta property=\"article:publisher\" content=\"https:\/\/www.facebook.com\/jlfembouteillage\/\" \/>\n<meta property=\"article:modified_time\" content=\"2019-12-12T15:24:54+00:00\" \/>\n<meta property=\"og:image\" content=\"https:\/\/www.jlf-embouteillage.com\/wp-content\/uploads\/2019\/12\/JLF-la-mise-en-oeuvre-1.png\" \/>\n<meta name=\"twitter:card\" content=\"summary_large_image\" \/>\n<meta name=\"twitter:label1\" content=\"Dur\u00e9e de lecture estim\u00e9e\" \/>\n\t<meta name=\"twitter:data1\" content=\"1 minute\" \/>\n<script type=\"application\/ld+json\" class=\"yoast-schema-graph\">{\"@context\":\"https:\\\/\\\/schema.org\",\"@graph\":[{\"@type\":\"WebPage\",\"@id\":\"https:\\\/\\\/www.jlf-embouteillage.com\\\/index.php\\\/nos-savoir-faire\\\/la-mise-en-oeuvre\\\/\",\"url\":\"https:\\\/\\\/www.jlf-embouteillage.com\\\/index.php\\\/nos-savoir-faire\\\/la-mise-en-oeuvre\\\/\",\"name\":\"La mise en \u0153uvre - JLF Embouteillage\",\"isPartOf\":{\"@id\":\"https:\\\/\\\/www.jlf-embouteillage.com\\\/#website\"},\"primaryImageOfPage\":{\"@id\":\"https:\\\/\\\/www.jlf-embouteillage.com\\\/index.php\\\/nos-savoir-faire\\\/la-mise-en-oeuvre\\\/#primaryimage\"},\"image\":{\"@id\":\"https:\\\/\\\/www.jlf-embouteillage.com\\\/index.php\\\/nos-savoir-faire\\\/la-mise-en-oeuvre\\\/#primaryimage\"},\"thumbnailUrl\":\"https:\\\/\\\/www.jlf-embouteillage.com\\\/wp-content\\\/uploads\\\/2019\\\/12\\\/JLF-la-mise-en-oeuvre-1.png\",\"datePublished\":\"2019-11-22T11:34:58+00:00\",\"dateModified\":\"2019-12-12T15:24:54+00:00\",\"description\":\"JLF Embouteillage se charge de la r\u00e9ception et du stockage de toutes les mati\u00e8res s\u00e8ches n\u00e9cessaires \u00e0 la mise en bouteilles. Cartons d\u2019emballage, ...\",\"breadcrumb\":{\"@id\":\"https:\\\/\\\/www.jlf-embouteillage.com\\\/index.php\\\/nos-savoir-faire\\\/la-mise-en-oeuvre\\\/#breadcrumb\"},\"inLanguage\":\"fr-FR\",\"potentialAction\":[{\"@type\":\"ReadAction\",\"target\":[\"https:\\\/\\\/www.jlf-embouteillage.com\\\/index.php\\\/nos-savoir-faire\\\/la-mise-en-oeuvre\\\/\"]}]},{\"@type\":\"ImageObject\",\"inLanguage\":\"fr-FR\",\"@id\":\"https:\\\/\\\/www.jlf-embouteillage.com\\\/index.php\\\/nos-savoir-faire\\\/la-mise-en-oeuvre\\\/#primaryimage\",\"url\":\"https:\\\/\\\/www.jlf-embouteillage.com\\\/wp-content\\\/uploads\\\/2019\\\/12\\\/JLF-la-mise-en-oeuvre-1.png\",\"contentUrl\":\"https:\\\/\\\/www.jlf-embouteillage.com\\\/wp-content\\\/uploads\\\/2019\\\/12\\\/JLF-la-mise-en-oeuvre-1.png\",\"width\":1200,\"height\":800,\"caption\":\"JLF-la-mise-en-oeuvre-1\"},{\"@type\":\"BreadcrumbList\",\"@id\":\"https:\\\/\\\/www.jlf-embouteillage.com\\\/index.php\\\/nos-savoir-faire\\\/la-mise-en-oeuvre\\\/#breadcrumb\",\"itemListElement\":[{\"@type\":\"ListItem\",\"position\":1,\"name\":\"Accueil\",\"item\":\"https:\\\/\\\/www.jlf-embouteillage.com\\\/\"},{\"@type\":\"ListItem\",\"position\":2,\"name\":\"Nos savoir-faire\",\"item\":\"https:\\\/\\\/www.jlf-embouteillage.com\\\/index.php\\\/nos-savoir-faire\\\/\"},{\"@type\":\"ListItem\",\"position\":3,\"name\":\"La mise en \u0153uvre\"}]},{\"@type\":\"WebSite\",\"@id\":\"https:\\\/\\\/www.jlf-embouteillage.com\\\/#website\",\"url\":\"https:\\\/\\\/www.jlf-embouteillage.com\\\/\",\"name\":\"JLF Embouteillage\",\"description\":\"MISE EN BOUTEILLE \\\/ CUVERIE \\\/ \\u2029STOCKAGE \\\/ EXP\u00c9DITION\",\"publisher\":{\"@id\":\"https:\\\/\\\/www.jlf-embouteillage.com\\\/#organization\"},\"potentialAction\":[{\"@type\":\"SearchAction\",\"target\":{\"@type\":\"EntryPoint\",\"urlTemplate\":\"https:\\\/\\\/www.jlf-embouteillage.com\\\/?s={search_term_string}\"},\"query-input\":{\"@type\":\"PropertyValueSpecification\",\"valueRequired\":true,\"valueName\":\"search_term_string\"}}],\"inLanguage\":\"fr-FR\"},{\"@type\":\"Organization\",\"@id\":\"https:\\\/\\\/www.jlf-embouteillage.com\\\/#organization\",\"name\":\"JLF Embouteillage\",\"url\":\"https:\\\/\\\/www.jlf-embouteillage.com\\\/\",\"logo\":{\"@type\":\"ImageObject\",\"inLanguage\":\"fr-FR\",\"@id\":\"https:\\\/\\\/www.jlf-embouteillage.com\\\/#\\\/schema\\\/logo\\\/image\\\/\",\"url\":\"https:\\\/\\\/www.jlf-embouteillage.com\\\/wp-content\\\/uploads\\\/2019\\\/12\\\/JLF-favicon.png\",\"contentUrl\":\"https:\\\/\\\/www.jlf-embouteillage.com\\\/wp-content\\\/uploads\\\/2019\\\/12\\\/JLF-favicon.png\",\"width\":512,\"height\":512,\"caption\":\"JLF Embouteillage\"},\"image\":{\"@id\":\"https:\\\/\\\/www.jlf-embouteillage.com\\\/#\\\/schema\\\/logo\\\/image\\\/\"},\"sameAs\":[\"https:\\\/\\\/www.facebook.com\\\/jlfembouteillage\\\/\"]}]}<\/script>\n<!-- \/ Yoast SEO plugin. -->","yoast_head_json":{"title":"La mise en \u0153uvre - JLF Embouteillage","description":"JLF Embouteillage se charge de la r\u00e9ception et du stockage de toutes les mati\u00e8res s\u00e8ches n\u00e9cessaires \u00e0 la mise en bouteilles. Cartons d\u2019emballage, ...","robots":{"index":"index","follow":"follow","max-snippet":"max-snippet:-1","max-image-preview":"max-image-preview:large","max-video-preview":"max-video-preview:-1"},"canonical":"https:\/\/www.jlf-embouteillage.com\/index.php\/nos-savoir-faire\/la-mise-en-oeuvre\/","og_locale":"fr_FR","og_type":"article","og_title":"La mise en \u0153uvre - JLF Embouteillage","og_description":"JLF Embouteillage se charge de la r\u00e9ception et du stockage de toutes les mati\u00e8res s\u00e8ches n\u00e9cessaires \u00e0 la mise en bouteilles. Cartons d\u2019emballage, ...","og_url":"https:\/\/www.jlf-embouteillage.com\/index.php\/nos-savoir-faire\/la-mise-en-oeuvre\/","og_site_name":"JLF Embouteillage","article_publisher":"https:\/\/www.facebook.com\/jlfembouteillage\/","article_modified_time":"2019-12-12T15:24:54+00:00","og_image":[{"url":"https:\/\/www.jlf-embouteillage.com\/wp-content\/uploads\/2019\/12\/JLF-la-mise-en-oeuvre-1.png","type":"","width":"","height":""}],"twitter_card":"summary_large_image","twitter_misc":{"Dur\u00e9e de lecture estim\u00e9e":"1 minute"},"schema":{"@context":"https:\/\/schema.org","@graph":[{"@type":"WebPage","@id":"https:\/\/www.jlf-embouteillage.com\/index.php\/nos-savoir-faire\/la-mise-en-oeuvre\/","url":"https:\/\/www.jlf-embouteillage.com\/index.php\/nos-savoir-faire\/la-mise-en-oeuvre\/","name":"La mise en \u0153uvre - JLF Embouteillage","isPartOf":{"@id":"https:\/\/www.jlf-embouteillage.com\/#website"},"primaryImageOfPage":{"@id":"https:\/\/www.jlf-embouteillage.com\/index.php\/nos-savoir-faire\/la-mise-en-oeuvre\/#primaryimage"},"image":{"@id":"https:\/\/www.jlf-embouteillage.com\/index.php\/nos-savoir-faire\/la-mise-en-oeuvre\/#primaryimage"},"thumbnailUrl":"https:\/\/www.jlf-embouteillage.com\/wp-content\/uploads\/2019\/12\/JLF-la-mise-en-oeuvre-1.png","datePublished":"2019-11-22T11:34:58+00:00","dateModified":"2019-12-12T15:24:54+00:00","description":"JLF Embouteillage se charge de la r\u00e9ception et du stockage de toutes les mati\u00e8res s\u00e8ches n\u00e9cessaires \u00e0 la mise en bouteilles. Cartons d\u2019emballage, ...","breadcrumb":{"@id":"https:\/\/www.jlf-embouteillage.com\/index.php\/nos-savoir-faire\/la-mise-en-oeuvre\/#breadcrumb"},"inLanguage":"fr-FR","potentialAction":[{"@type":"ReadAction","target":["https:\/\/www.jlf-embouteillage.com\/index.php\/nos-savoir-faire\/la-mise-en-oeuvre\/"]}]},{"@type":"ImageObject","inLanguage":"fr-FR","@id":"https:\/\/www.jlf-embouteillage.com\/index.php\/nos-savoir-faire\/la-mise-en-oeuvre\/#primaryimage","url":"https:\/\/www.jlf-embouteillage.com\/wp-content\/uploads\/2019\/12\/JLF-la-mise-en-oeuvre-1.png","contentUrl":"https:\/\/www.jlf-embouteillage.com\/wp-content\/uploads\/2019\/12\/JLF-la-mise-en-oeuvre-1.png","width":1200,"height":800,"caption":"JLF-la-mise-en-oeuvre-1"},{"@type":"BreadcrumbList","@id":"https:\/\/www.jlf-embouteillage.com\/index.php\/nos-savoir-faire\/la-mise-en-oeuvre\/#breadcrumb","itemListElement":[{"@type":"ListItem","position":1,"name":"Accueil","item":"https:\/\/www.jlf-embouteillage.com\/"},{"@type":"ListItem","position":2,"name":"Nos savoir-faire","item":"https:\/\/www.jlf-embouteillage.com\/index.php\/nos-savoir-faire\/"},{"@type":"ListItem","position":3,"name":"La mise en \u0153uvre"}]},{"@type":"WebSite","@id":"https:\/\/www.jlf-embouteillage.com\/#website","url":"https:\/\/www.jlf-embouteillage.com\/","name":"JLF Embouteillage","description":"MISE EN BOUTEILLE \/ CUVERIE \/ \u2029STOCKAGE \/ EXP\u00c9DITION","publisher":{"@id":"https:\/\/www.jlf-embouteillage.com\/#organization"},"potentialAction":[{"@type":"SearchAction","target":{"@type":"EntryPoint","urlTemplate":"https:\/\/www.jlf-embouteillage.com\/?s={search_term_string}"},"query-input":{"@type":"PropertyValueSpecification","valueRequired":true,"valueName":"search_term_string"}}],"inLanguage":"fr-FR"},{"@type":"Organization","@id":"https:\/\/www.jlf-embouteillage.com\/#organization","name":"JLF Embouteillage","url":"https:\/\/www.jlf-embouteillage.com\/","logo":{"@type":"ImageObject","inLanguage":"fr-FR","@id":"https:\/\/www.jlf-embouteillage.com\/#\/schema\/logo\/image\/","url":"https:\/\/www.jlf-embouteillage.com\/wp-content\/uploads\/2019\/12\/JLF-favicon.png","contentUrl":"https:\/\/www.jlf-embouteillage.com\/wp-content\/uploads\/2019\/12\/JLF-favicon.png","width":512,"height":512,"caption":"JLF Embouteillage"},"image":{"@id":"https:\/\/www.jlf-embouteillage.com\/#\/schema\/logo\/image\/"},"sameAs":["https:\/\/www.facebook.com\/jlfembouteillage\/"]}]}},"_links":{"self":[{"href":"https:\/\/www.jlf-embouteillage.com\/index.php\/wp-json\/wp\/v2\/pages\/129","targetHints":{"allow":["GET"]}}],"collection":[{"href":"https:\/\/www.jlf-embouteillage.com\/index.php\/wp-json\/wp\/v2\/pages"}],"about":[{"href":"https:\/\/www.jlf-embouteillage.com\/index.php\/wp-json\/wp\/v2\/types\/page"}],"author":[{"embeddable":true,"href":"https:\/\/www.jlf-embouteillage.com\/index.php\/wp-json\/wp\/v2\/users\/2"}],"replies":[{"embeddable":true,"href":"https:\/\/www.jlf-embouteillage.com\/index.php\/wp-json\/wp\/v2\/comments?post=129"}],"version-history":[{"count":20,"href":"https:\/\/www.jlf-embouteillage.com\/index.php\/wp-json\/wp\/v2\/pages\/129\/revisions"}],"predecessor-version":[{"id":685,"href":"https:\/\/www.jlf-embouteillage.com\/index.php\/wp-json\/wp\/v2\/pages\/129\/revisions\/685"}],"up":[{"embeddable":true,"href":"https:\/\/www.jlf-embouteillage.com\/index.php\/wp-json\/wp\/v2\/pages\/125"}],"wp:attachment":[{"href":"https:\/\/www.jlf-embouteillage.com\/index.php\/wp-json\/wp\/v2\/media?parent=129"}],"curies":[{"name":"wp","href":"https:\/\/api.w.org\/{rel}","templated":true}]}}