{"id":127,"date":"2019-11-22T11:33:12","date_gmt":"2019-11-22T11:33:12","guid":{"rendered":"https:\/\/www.jlf-embouteillage.com\/?page_id=127"},"modified":"2024-07-29T14:38:20","modified_gmt":"2024-07-29T14:38:20","slug":"letude-de-tous-vos-projets","status":"publish","type":"page","link":"https:\/\/www.jlf-embouteillage.com\/index.php\/nos-savoir-faire\/letude-de-tous-vos-projets\/","title":{"rendered":"L&rsquo;\u00e9tude de tous vos projets"},"content":{"rendered":"\t\t<div data-elementor-type=\"wp-page\" data-elementor-id=\"127\" class=\"elementor elementor-127\" data-elementor-post-type=\"page\">\n\t\t\t\t\t\t<section class=\"elementor-section elementor-top-section elementor-element elementor-element-c8ce5b5 elementor-section-boxed elementor-section-height-default elementor-section-height-default elementor-invisible\" data-id=\"c8ce5b5\" data-element_type=\"section\" data-e-type=\"section\" data-settings=\"{&quot;background_background&quot;:&quot;classic&quot;,&quot;animation&quot;:&quot;slideInDown&quot;}\">\n\t\t\t\t\t\t<div class=\"elementor-container elementor-column-gap-default\">\n\t\t\t\t\t<div class=\"elementor-column elementor-col-100 elementor-top-column elementor-element elementor-element-6a4574a\" data-id=\"6a4574a\" data-element_type=\"column\" data-e-type=\"column\">\n\t\t\t<div class=\"elementor-widget-wrap elementor-element-populated\">\n\t\t\t\t\t\t<div class=\"elementor-element elementor-element-7a2e1bb elementor-view-stacked elementor-shape-circle elementor-widget elementor-widget-icon\" data-id=\"7a2e1bb\" data-element_type=\"widget\" data-e-type=\"widget\" data-widget_type=\"icon.default\">\n\t\t\t\t<div class=\"elementor-widget-container\">\n\t\t\t\t\t\t\t<div class=\"elementor-icon-wrapper\">\n\t\t\t<div class=\"elementor-icon\">\n\t\t\t<i aria-hidden=\"true\" class=\"fas fa-search\"><\/i>\t\t\t<\/div>\n\t\t<\/div>\n\t\t\t\t\t\t<\/div>\n\t\t\t\t<\/div>\n\t\t\t\t<div class=\"elementor-element elementor-element-f9c78dd elementor-widget elementor-widget-heading\" data-id=\"f9c78dd\" data-element_type=\"widget\" data-e-type=\"widget\" data-widget_type=\"heading.default\">\n\t\t\t\t<div class=\"elementor-widget-container\">\n\t\t\t\t\t<h1 class=\"elementor-heading-title elementor-size-large\">1. L'\u00e9tude de vos projets<\/h1>\t\t\t\t<\/div>\n\t\t\t\t<\/div>\n\t\t\t\t<div class=\"elementor-element elementor-element-60cac3c elementor-widget elementor-widget-text-editor\" data-id=\"60cac3c\" data-element_type=\"widget\" data-e-type=\"widget\" data-widget_type=\"text-editor.default\">\n\t\t\t\t<div class=\"elementor-widget-container\">\n\t\t\t\t\t\t\t\t\t<p><a href=\"https:\/\/www.jlf-embouteillage.com\/\"><b>JLF Embouteillage<\/b> <\/a>a \u00e0 c\u0153ur d\u2019\u00eatre <b>\u00e0 l\u2019\u00e9coute<\/b> de tous les projets de ses Partenaires. Chacun fait l\u2019objet d\u2019une <b>\u00e9tude approfondie<\/b> quant \u00e0 sa faisabilit\u00e9. Nous sommes force de proposition et de conseils pour coller au plus pr\u00e8s de vos envies et besoins.<\/p><p>Nos lignes de production sont \u00e9tudi\u00e9es pour tous les gabarits : de la mignonette de 3cl \u00e0 la bouteille de 4.5l, et les <strong>BAG-IN-BOX<\/strong>. Notre outil performant et notre ma\u00eetrise technique nous permettent de vous accompagner dans tous vos projets.<\/p>\t\t\t\t\t\t\t\t<\/div>\n\t\t\t\t<\/div>\n\t\t\t\t\t<\/div>\n\t\t<\/div>\n\t\t\t\t\t<\/div>\n\t\t<\/section>\n\t\t\t\t<section class=\"elementor-section elementor-top-section elementor-element elementor-element-009b390 elementor-section-boxed elementor-section-height-default elementor-section-height-default\" data-id=\"009b390\" data-element_type=\"section\" data-e-type=\"section\" data-settings=\"{&quot;background_background&quot;:&quot;classic&quot;}\">\n\t\t\t\t\t\t<div class=\"elementor-container elementor-column-gap-default\">\n\t\t\t\t\t<div class=\"elementor-column elementor-col-50 elementor-top-column elementor-element elementor-element-67cbcfe\" data-id=\"67cbcfe\" data-element_type=\"column\" data-e-type=\"column\">\n\t\t\t<div class=\"elementor-widget-wrap elementor-element-populated\">\n\t\t\t\t\t\t<div class=\"elementor-element elementor-element-b28b4da elementor-widget elementor-widget-image\" data-id=\"b28b4da\" data-element_type=\"widget\" data-e-type=\"widget\" data-widget_type=\"image.default\">\n\t\t\t\t<div class=\"elementor-widget-container\">\n\t\t\t\t\t\t\t\t\t\t\t\t\t\t\t<img fetchpriority=\"high\" decoding=\"async\" width=\"800\" height=\"600\" src=\"https:\/\/www.jlf-embouteillage.com\/wp-content\/uploads\/2019\/12\/JLF-etude-projet.png\" class=\"attachment-full size-full wp-image-369\" alt=\"JLF-etude-projet\" srcset=\"https:\/\/www.jlf-embouteillage.com\/wp-content\/uploads\/2019\/12\/JLF-etude-projet.png 800w, https:\/\/www.jlf-embouteillage.com\/wp-content\/uploads\/2019\/12\/JLF-etude-projet-300x225.png 300w, https:\/\/www.jlf-embouteillage.com\/wp-content\/uploads\/2019\/12\/JLF-etude-projet-768x576.png 768w\" sizes=\"100vw\" \/>\t\t\t\t\t\t\t\t\t\t\t\t\t\t\t<\/div>\n\t\t\t\t<\/div>\n\t\t\t\t\t<\/div>\n\t\t<\/div>\n\t\t\t\t<div class=\"elementor-column elementor-col-50 elementor-top-column elementor-element elementor-element-b874547\" data-id=\"b874547\" data-element_type=\"column\" data-e-type=\"column\">\n\t\t\t<div class=\"elementor-widget-wrap elementor-element-populated\">\n\t\t\t\t\t\t<div class=\"elementor-element elementor-element-dd59bec elementor-widget elementor-widget-image\" data-id=\"dd59bec\" data-element_type=\"widget\" data-e-type=\"widget\" data-widget_type=\"image.default\">\n\t\t\t\t<div class=\"elementor-widget-container\">\n\t\t\t\t\t\t\t\t\t\t\t\t\t\t\t<img decoding=\"async\" width=\"800\" height=\"600\" src=\"https:\/\/www.jlf-embouteillage.com\/wp-content\/uploads\/2019\/12\/JLF-etude-projet-bouteilles.png\" class=\"attachment-full size-full wp-image-386\" alt=\"JLF-etude-projet-bouteilles\" srcset=\"https:\/\/www.jlf-embouteillage.com\/wp-content\/uploads\/2019\/12\/JLF-etude-projet-bouteilles.png 800w, https:\/\/www.jlf-embouteillage.com\/wp-content\/uploads\/2019\/12\/JLF-etude-projet-bouteilles-300x225.png 300w, https:\/\/www.jlf-embouteillage.com\/wp-content\/uploads\/2019\/12\/JLF-etude-projet-bouteilles-768x576.png 768w\" sizes=\"100vw\" \/>\t\t\t\t\t\t\t\t\t\t\t\t\t\t\t<\/div>\n\t\t\t\t<\/div>\n\t\t\t\t\t<\/div>\n\t\t<\/div>\n\t\t\t\t\t<\/div>\n\t\t<\/section>\n\t\t\t\t<section class=\"elementor-section elementor-top-section elementor-element elementor-element-1c24c72 elementor-section-boxed elementor-section-height-default elementor-section-height-default\" data-id=\"1c24c72\" data-element_type=\"section\" data-e-type=\"section\" data-settings=\"{&quot;background_background&quot;:&quot;classic&quot;}\">\n\t\t\t\t\t\t<div class=\"elementor-container elementor-column-gap-no\">\n\t\t\t\t\t<div class=\"elementor-column elementor-col-50 elementor-top-column elementor-element elementor-element-eba1f09\" data-id=\"eba1f09\" data-element_type=\"column\" data-e-type=\"column\">\n\t\t\t<div class=\"elementor-widget-wrap elementor-element-populated\">\n\t\t\t\t\t\t\t<\/div>\n\t\t<\/div>\n\t\t\t\t<div class=\"elementor-column elementor-col-50 elementor-top-column elementor-element elementor-element-645938e\" data-id=\"645938e\" data-element_type=\"column\" data-e-type=\"column\">\n\t\t\t<div class=\"elementor-widget-wrap elementor-element-populated\">\n\t\t\t\t\t\t<div class=\"elementor-element elementor-element-8aebf16 elementor-align-right elementor-mobile-align-center elementor-widget elementor-widget-button\" data-id=\"8aebf16\" data-element_type=\"widget\" data-e-type=\"widget\" data-widget_type=\"button.default\">\n\t\t\t\t<div class=\"elementor-widget-container\">\n\t\t\t\t\t\t\t\t\t<div class=\"elementor-button-wrapper\">\n\t\t\t\t\t<a class=\"elementor-button elementor-button-link elementor-size-md\" href=\"https:\/\/www.jlf-embouteillage.com\/index.php\/nos-savoir-faire\/la-mise-en-oeuvre\/\">\n\t\t\t\t\t\t<span class=\"elementor-button-content-wrapper\">\n\t\t\t\t\t\t<span class=\"elementor-button-icon\">\n\t\t\t\t<i aria-hidden=\"true\" class=\"fas fa-angle-right\"><\/i>\t\t\t<\/span>\n\t\t\t\t\t\t\t\t\t<span class=\"elementor-button-text\">2. La mise en oeuvre<\/span>\n\t\t\t\t\t<\/span>\n\t\t\t\t\t<\/a>\n\t\t\t\t<\/div>\n\t\t\t\t\t\t\t\t<\/div>\n\t\t\t\t<\/div>\n\t\t\t\t\t<\/div>\n\t\t<\/div>\n\t\t\t\t\t<\/div>\n\t\t<\/section>\n\t\t\t\t<\/div>\n\t\t","protected":false},"excerpt":{"rendered":"<p>1. L&rsquo;\u00e9tude de vos projets JLF Embouteillage a \u00e0 c\u0153ur d\u2019\u00eatre \u00e0 l\u2019\u00e9coute de tous les projets de ses Partenaires. Chacun fait l\u2019objet d\u2019une \u00e9tude approfondie quant \u00e0 sa faisabilit\u00e9. Nous sommes force de proposition et de conseils pour coller au plus pr\u00e8s de vos envies et besoins. Nos lignes de production sont \u00e9tudi\u00e9es pour &hellip; <\/p>\n<p class=\"link-more\"><a href=\"https:\/\/www.jlf-embouteillage.com\/index.php\/nos-savoir-faire\/letude-de-tous-vos-projets\/\" class=\"more-link\">Continuer la lecture<span class=\"screen-reader-text\"> de &laquo;&nbsp;L&rsquo;\u00e9tude de tous vos projets&nbsp;&raquo;<\/span><\/a><\/p>\n","protected":false},"author":2,"featured_media":0,"parent":125,"menu_order":7,"comment_status":"closed","ping_status":"closed","template":"elementor_header_footer","meta":{"footnotes":""},"class_list":["post-127","page","type-page","status-publish","hentry"],"yoast_head":"<!-- This site is optimized with the Yoast SEO plugin v27.5 - https:\/\/yoast.com\/product\/yoast-seo-wordpress\/ -->\n<title>L&#039;\u00e9tude de tous vos projets - JLF Embouteillage<\/title>\n<meta name=\"description\" content=\"JLF Embouteillage a \u00e0 c\u0153ur d\u2019\u00eatre \u00e0 l\u2019\u00e9coute de tous les projets de ses Partenaires. Chacun fait l\u2019objet d\u2019une \u00e9tude approfondie quant \u00e0 sa faisabilit\u00e9.\" \/>\n<meta name=\"robots\" content=\"index, follow, max-snippet:-1, max-image-preview:large, max-video-preview:-1\" \/>\n<link rel=\"canonical\" href=\"https:\/\/www.jlf-embouteillage.com\/index.php\/nos-savoir-faire\/letude-de-tous-vos-projets\/\" \/>\n<meta property=\"og:locale\" content=\"fr_FR\" \/>\n<meta property=\"og:type\" content=\"article\" \/>\n<meta property=\"og:title\" content=\"L&#039;\u00e9tude de tous vos projets - JLF Embouteillage\" \/>\n<meta property=\"og:description\" content=\"JLF Embouteillage a \u00e0 c\u0153ur d\u2019\u00eatre \u00e0 l\u2019\u00e9coute de tous les projets de ses Partenaires. Chacun fait l\u2019objet d\u2019une \u00e9tude approfondie quant \u00e0 sa faisabilit\u00e9.\" \/>\n<meta property=\"og:url\" content=\"https:\/\/www.jlf-embouteillage.com\/index.php\/nos-savoir-faire\/letude-de-tous-vos-projets\/\" \/>\n<meta property=\"og:site_name\" content=\"JLF Embouteillage\" \/>\n<meta property=\"article:publisher\" content=\"https:\/\/www.facebook.com\/jlfembouteillage\/\" \/>\n<meta property=\"article:modified_time\" content=\"2024-07-29T14:38:20+00:00\" \/>\n<meta property=\"og:image\" content=\"https:\/\/www.jlf-embouteillage.com\/wp-content\/uploads\/2019\/12\/JLF-etude-projet.png\" \/>\n<meta name=\"twitter:card\" content=\"summary_large_image\" \/>\n<meta name=\"twitter:label1\" content=\"Dur\u00e9e de lecture estim\u00e9e\" \/>\n\t<meta name=\"twitter:data1\" content=\"1 minute\" \/>\n<script type=\"application\/ld+json\" class=\"yoast-schema-graph\">{\"@context\":\"https:\\\/\\\/schema.org\",\"@graph\":[{\"@type\":\"WebPage\",\"@id\":\"https:\\\/\\\/www.jlf-embouteillage.com\\\/index.php\\\/nos-savoir-faire\\\/letude-de-tous-vos-projets\\\/\",\"url\":\"https:\\\/\\\/www.jlf-embouteillage.com\\\/index.php\\\/nos-savoir-faire\\\/letude-de-tous-vos-projets\\\/\",\"name\":\"L'\u00e9tude de tous vos projets - JLF Embouteillage\",\"isPartOf\":{\"@id\":\"https:\\\/\\\/www.jlf-embouteillage.com\\\/#website\"},\"primaryImageOfPage\":{\"@id\":\"https:\\\/\\\/www.jlf-embouteillage.com\\\/index.php\\\/nos-savoir-faire\\\/letude-de-tous-vos-projets\\\/#primaryimage\"},\"image\":{\"@id\":\"https:\\\/\\\/www.jlf-embouteillage.com\\\/index.php\\\/nos-savoir-faire\\\/letude-de-tous-vos-projets\\\/#primaryimage\"},\"thumbnailUrl\":\"https:\\\/\\\/www.jlf-embouteillage.com\\\/wp-content\\\/uploads\\\/2019\\\/12\\\/JLF-etude-projet.png\",\"datePublished\":\"2019-11-22T11:33:12+00:00\",\"dateModified\":\"2024-07-29T14:38:20+00:00\",\"description\":\"JLF Embouteillage a \u00e0 c\u0153ur d\u2019\u00eatre \u00e0 l\u2019\u00e9coute de tous les projets de ses Partenaires. Chacun fait l\u2019objet d\u2019une \u00e9tude approfondie quant \u00e0 sa faisabilit\u00e9.\",\"breadcrumb\":{\"@id\":\"https:\\\/\\\/www.jlf-embouteillage.com\\\/index.php\\\/nos-savoir-faire\\\/letude-de-tous-vos-projets\\\/#breadcrumb\"},\"inLanguage\":\"fr-FR\",\"potentialAction\":[{\"@type\":\"ReadAction\",\"target\":[\"https:\\\/\\\/www.jlf-embouteillage.com\\\/index.php\\\/nos-savoir-faire\\\/letude-de-tous-vos-projets\\\/\"]}]},{\"@type\":\"ImageObject\",\"inLanguage\":\"fr-FR\",\"@id\":\"https:\\\/\\\/www.jlf-embouteillage.com\\\/index.php\\\/nos-savoir-faire\\\/letude-de-tous-vos-projets\\\/#primaryimage\",\"url\":\"https:\\\/\\\/www.jlf-embouteillage.com\\\/wp-content\\\/uploads\\\/2019\\\/12\\\/JLF-etude-projet.png\",\"contentUrl\":\"https:\\\/\\\/www.jlf-embouteillage.com\\\/wp-content\\\/uploads\\\/2019\\\/12\\\/JLF-etude-projet.png\",\"width\":800,\"height\":600,\"caption\":\"JLF-etude-projet\"},{\"@type\":\"BreadcrumbList\",\"@id\":\"https:\\\/\\\/www.jlf-embouteillage.com\\\/index.php\\\/nos-savoir-faire\\\/letude-de-tous-vos-projets\\\/#breadcrumb\",\"itemListElement\":[{\"@type\":\"ListItem\",\"position\":1,\"name\":\"Accueil\",\"item\":\"https:\\\/\\\/www.jlf-embouteillage.com\\\/\"},{\"@type\":\"ListItem\",\"position\":2,\"name\":\"Nos savoir-faire\",\"item\":\"https:\\\/\\\/www.jlf-embouteillage.com\\\/index.php\\\/nos-savoir-faire\\\/\"},{\"@type\":\"ListItem\",\"position\":3,\"name\":\"L&rsquo;\u00e9tude de tous vos projets\"}]},{\"@type\":\"WebSite\",\"@id\":\"https:\\\/\\\/www.jlf-embouteillage.com\\\/#website\",\"url\":\"https:\\\/\\\/www.jlf-embouteillage.com\\\/\",\"name\":\"JLF Embouteillage\",\"description\":\"MISE EN BOUTEILLE \\\/ CUVERIE \\\/ \\u2029STOCKAGE \\\/ EXP\u00c9DITION\",\"publisher\":{\"@id\":\"https:\\\/\\\/www.jlf-embouteillage.com\\\/#organization\"},\"potentialAction\":[{\"@type\":\"SearchAction\",\"target\":{\"@type\":\"EntryPoint\",\"urlTemplate\":\"https:\\\/\\\/www.jlf-embouteillage.com\\\/?s={search_term_string}\"},\"query-input\":{\"@type\":\"PropertyValueSpecification\",\"valueRequired\":true,\"valueName\":\"search_term_string\"}}],\"inLanguage\":\"fr-FR\"},{\"@type\":\"Organization\",\"@id\":\"https:\\\/\\\/www.jlf-embouteillage.com\\\/#organization\",\"name\":\"JLF Embouteillage\",\"url\":\"https:\\\/\\\/www.jlf-embouteillage.com\\\/\",\"logo\":{\"@type\":\"ImageObject\",\"inLanguage\":\"fr-FR\",\"@id\":\"https:\\\/\\\/www.jlf-embouteillage.com\\\/#\\\/schema\\\/logo\\\/image\\\/\",\"url\":\"https:\\\/\\\/www.jlf-embouteillage.com\\\/wp-content\\\/uploads\\\/2019\\\/12\\\/JLF-favicon.png\",\"contentUrl\":\"https:\\\/\\\/www.jlf-embouteillage.com\\\/wp-content\\\/uploads\\\/2019\\\/12\\\/JLF-favicon.png\",\"width\":512,\"height\":512,\"caption\":\"JLF Embouteillage\"},\"image\":{\"@id\":\"https:\\\/\\\/www.jlf-embouteillage.com\\\/#\\\/schema\\\/logo\\\/image\\\/\"},\"sameAs\":[\"https:\\\/\\\/www.facebook.com\\\/jlfembouteillage\\\/\"]}]}<\/script>\n<!-- \/ Yoast SEO plugin. -->","yoast_head_json":{"title":"L'\u00e9tude de tous vos projets - JLF Embouteillage","description":"JLF Embouteillage a \u00e0 c\u0153ur d\u2019\u00eatre \u00e0 l\u2019\u00e9coute de tous les projets de ses Partenaires. Chacun fait l\u2019objet d\u2019une \u00e9tude approfondie quant \u00e0 sa faisabilit\u00e9.","robots":{"index":"index","follow":"follow","max-snippet":"max-snippet:-1","max-image-preview":"max-image-preview:large","max-video-preview":"max-video-preview:-1"},"canonical":"https:\/\/www.jlf-embouteillage.com\/index.php\/nos-savoir-faire\/letude-de-tous-vos-projets\/","og_locale":"fr_FR","og_type":"article","og_title":"L'\u00e9tude de tous vos projets - JLF Embouteillage","og_description":"JLF Embouteillage a \u00e0 c\u0153ur d\u2019\u00eatre \u00e0 l\u2019\u00e9coute de tous les projets de ses Partenaires. Chacun fait l\u2019objet d\u2019une \u00e9tude approfondie quant \u00e0 sa faisabilit\u00e9.","og_url":"https:\/\/www.jlf-embouteillage.com\/index.php\/nos-savoir-faire\/letude-de-tous-vos-projets\/","og_site_name":"JLF Embouteillage","article_publisher":"https:\/\/www.facebook.com\/jlfembouteillage\/","article_modified_time":"2024-07-29T14:38:20+00:00","og_image":[{"url":"https:\/\/www.jlf-embouteillage.com\/wp-content\/uploads\/2019\/12\/JLF-etude-projet.png","type":"","width":"","height":""}],"twitter_card":"summary_large_image","twitter_misc":{"Dur\u00e9e de lecture estim\u00e9e":"1 minute"},"schema":{"@context":"https:\/\/schema.org","@graph":[{"@type":"WebPage","@id":"https:\/\/www.jlf-embouteillage.com\/index.php\/nos-savoir-faire\/letude-de-tous-vos-projets\/","url":"https:\/\/www.jlf-embouteillage.com\/index.php\/nos-savoir-faire\/letude-de-tous-vos-projets\/","name":"L'\u00e9tude de tous vos projets - JLF Embouteillage","isPartOf":{"@id":"https:\/\/www.jlf-embouteillage.com\/#website"},"primaryImageOfPage":{"@id":"https:\/\/www.jlf-embouteillage.com\/index.php\/nos-savoir-faire\/letude-de-tous-vos-projets\/#primaryimage"},"image":{"@id":"https:\/\/www.jlf-embouteillage.com\/index.php\/nos-savoir-faire\/letude-de-tous-vos-projets\/#primaryimage"},"thumbnailUrl":"https:\/\/www.jlf-embouteillage.com\/wp-content\/uploads\/2019\/12\/JLF-etude-projet.png","datePublished":"2019-11-22T11:33:12+00:00","dateModified":"2024-07-29T14:38:20+00:00","description":"JLF Embouteillage a \u00e0 c\u0153ur d\u2019\u00eatre \u00e0 l\u2019\u00e9coute de tous les projets de ses Partenaires. Chacun fait l\u2019objet d\u2019une \u00e9tude approfondie quant \u00e0 sa faisabilit\u00e9.","breadcrumb":{"@id":"https:\/\/www.jlf-embouteillage.com\/index.php\/nos-savoir-faire\/letude-de-tous-vos-projets\/#breadcrumb"},"inLanguage":"fr-FR","potentialAction":[{"@type":"ReadAction","target":["https:\/\/www.jlf-embouteillage.com\/index.php\/nos-savoir-faire\/letude-de-tous-vos-projets\/"]}]},{"@type":"ImageObject","inLanguage":"fr-FR","@id":"https:\/\/www.jlf-embouteillage.com\/index.php\/nos-savoir-faire\/letude-de-tous-vos-projets\/#primaryimage","url":"https:\/\/www.jlf-embouteillage.com\/wp-content\/uploads\/2019\/12\/JLF-etude-projet.png","contentUrl":"https:\/\/www.jlf-embouteillage.com\/wp-content\/uploads\/2019\/12\/JLF-etude-projet.png","width":800,"height":600,"caption":"JLF-etude-projet"},{"@type":"BreadcrumbList","@id":"https:\/\/www.jlf-embouteillage.com\/index.php\/nos-savoir-faire\/letude-de-tous-vos-projets\/#breadcrumb","itemListElement":[{"@type":"ListItem","position":1,"name":"Accueil","item":"https:\/\/www.jlf-embouteillage.com\/"},{"@type":"ListItem","position":2,"name":"Nos savoir-faire","item":"https:\/\/www.jlf-embouteillage.com\/index.php\/nos-savoir-faire\/"},{"@type":"ListItem","position":3,"name":"L&rsquo;\u00e9tude de tous vos projets"}]},{"@type":"WebSite","@id":"https:\/\/www.jlf-embouteillage.com\/#website","url":"https:\/\/www.jlf-embouteillage.com\/","name":"JLF Embouteillage","description":"MISE EN BOUTEILLE \/ CUVERIE \/ \u2029STOCKAGE \/ EXP\u00c9DITION","publisher":{"@id":"https:\/\/www.jlf-embouteillage.com\/#organization"},"potentialAction":[{"@type":"SearchAction","target":{"@type":"EntryPoint","urlTemplate":"https:\/\/www.jlf-embouteillage.com\/?s={search_term_string}"},"query-input":{"@type":"PropertyValueSpecification","valueRequired":true,"valueName":"search_term_string"}}],"inLanguage":"fr-FR"},{"@type":"Organization","@id":"https:\/\/www.jlf-embouteillage.com\/#organization","name":"JLF Embouteillage","url":"https:\/\/www.jlf-embouteillage.com\/","logo":{"@type":"ImageObject","inLanguage":"fr-FR","@id":"https:\/\/www.jlf-embouteillage.com\/#\/schema\/logo\/image\/","url":"https:\/\/www.jlf-embouteillage.com\/wp-content\/uploads\/2019\/12\/JLF-favicon.png","contentUrl":"https:\/\/www.jlf-embouteillage.com\/wp-content\/uploads\/2019\/12\/JLF-favicon.png","width":512,"height":512,"caption":"JLF Embouteillage"},"image":{"@id":"https:\/\/www.jlf-embouteillage.com\/#\/schema\/logo\/image\/"},"sameAs":["https:\/\/www.facebook.com\/jlfembouteillage\/"]}]}},"_links":{"self":[{"href":"https:\/\/www.jlf-embouteillage.com\/index.php\/wp-json\/wp\/v2\/pages\/127","targetHints":{"allow":["GET"]}}],"collection":[{"href":"https:\/\/www.jlf-embouteillage.com\/index.php\/wp-json\/wp\/v2\/pages"}],"about":[{"href":"https:\/\/www.jlf-embouteillage.com\/index.php\/wp-json\/wp\/v2\/types\/page"}],"author":[{"embeddable":true,"href":"https:\/\/www.jlf-embouteillage.com\/index.php\/wp-json\/wp\/v2\/users\/2"}],"replies":[{"embeddable":true,"href":"https:\/\/www.jlf-embouteillage.com\/index.php\/wp-json\/wp\/v2\/comments?post=127"}],"version-history":[{"count":26,"href":"https:\/\/www.jlf-embouteillage.com\/index.php\/wp-json\/wp\/v2\/pages\/127\/revisions"}],"predecessor-version":[{"id":798,"href":"https:\/\/www.jlf-embouteillage.com\/index.php\/wp-json\/wp\/v2\/pages\/127\/revisions\/798"}],"up":[{"embeddable":true,"href":"https:\/\/www.jlf-embouteillage.com\/index.php\/wp-json\/wp\/v2\/pages\/125"}],"wp:attachment":[{"href":"https:\/\/www.jlf-embouteillage.com\/index.php\/wp-json\/wp\/v2\/media?parent=127"}],"curies":[{"name":"wp","href":"https:\/\/api.w.org\/{rel}","templated":true}]}}