{"id":116,"date":"2019-11-22T11:26:51","date_gmt":"2019-11-22T11:26:51","guid":{"rendered":"https:\/\/www.jlf-embouteillage.com\/?page_id=116"},"modified":"2019-12-13T11:45:22","modified_gmt":"2019-12-13T11:45:22","slug":"la-maitrise-technique","status":"publish","type":"page","link":"https:\/\/www.jlf-embouteillage.com\/index.php\/qui-sommes-nous\/la-maitrise-technique\/","title":{"rendered":"La ma\u00eetrise technique"},"content":{"rendered":"\t\t<div data-elementor-type=\"wp-page\" data-elementor-id=\"116\" class=\"elementor elementor-116\" data-elementor-post-type=\"page\">\n\t\t\t\t\t\t<section class=\"elementor-section elementor-top-section elementor-element elementor-element-48508ae elementor-section-boxed elementor-section-height-default elementor-section-height-default\" data-id=\"48508ae\" data-element_type=\"section\" data-e-type=\"section\">\n\t\t\t\t\t\t<div class=\"elementor-container elementor-column-gap-default\">\n\t\t\t\t\t<div class=\"elementor-column elementor-col-33 elementor-top-column elementor-element elementor-element-d1177ad\" data-id=\"d1177ad\" data-element_type=\"column\" data-e-type=\"column\">\n\t\t\t<div class=\"elementor-widget-wrap elementor-element-populated\">\n\t\t\t\t\t\t<div class=\"elementor-element elementor-element-dd21b68 elementor-widget elementor-widget-image\" data-id=\"dd21b68\" data-element_type=\"widget\" data-e-type=\"widget\" data-widget_type=\"image.default\">\n\t\t\t\t<div class=\"elementor-widget-container\">\n\t\t\t\t\t\t\t\t\t\t\t\t\t\t\t<img fetchpriority=\"high\" decoding=\"async\" width=\"907\" height=\"1210\" src=\"https:\/\/www.jlf-embouteillage.com\/wp-content\/uploads\/2019\/12\/JLF-e\u0301tiquetteuse.jpg\" class=\"attachment-full size-full wp-image-661\" alt=\"JLF-e\u0301tiquetteuse\" srcset=\"https:\/\/www.jlf-embouteillage.com\/wp-content\/uploads\/2019\/12\/JLF-e\u0301tiquetteuse.jpg 907w, https:\/\/www.jlf-embouteillage.com\/wp-content\/uploads\/2019\/12\/JLF-e\u0301tiquetteuse-225x300.jpg 225w, https:\/\/www.jlf-embouteillage.com\/wp-content\/uploads\/2019\/12\/JLF-e\u0301tiquetteuse-768x1025.jpg 768w\" sizes=\"100vw\" \/>\t\t\t\t\t\t\t\t\t\t\t\t\t\t\t<\/div>\n\t\t\t\t<\/div>\n\t\t\t\t\t<\/div>\n\t\t<\/div>\n\t\t\t\t<div class=\"elementor-column elementor-col-33 elementor-top-column elementor-element elementor-element-fd202f3\" data-id=\"fd202f3\" data-element_type=\"column\" data-e-type=\"column\">\n\t\t\t<div class=\"elementor-widget-wrap elementor-element-populated\">\n\t\t\t\t\t\t<div class=\"elementor-element elementor-element-d6f1dea elementor-widget elementor-widget-image\" data-id=\"d6f1dea\" data-element_type=\"widget\" data-e-type=\"widget\" data-widget_type=\"image.default\">\n\t\t\t\t<div class=\"elementor-widget-container\">\n\t\t\t\t\t\t\t\t\t\t\t\t\t\t\t<img decoding=\"async\" width=\"600\" height=\"900\" src=\"https:\/\/www.jlf-embouteillage.com\/wp-content\/uploads\/2019\/12\/JLF\u2013la-mise-en-bouteilles3.png\" class=\"attachment-full size-full wp-image-448\" alt=\"JLF\u2013la-mise-en-bouteilles3\" srcset=\"https:\/\/www.jlf-embouteillage.com\/wp-content\/uploads\/2019\/12\/JLF\u2013la-mise-en-bouteilles3.png 600w, https:\/\/www.jlf-embouteillage.com\/wp-content\/uploads\/2019\/12\/JLF\u2013la-mise-en-bouteilles3-200x300.png 200w\" sizes=\"100vw\" \/>\t\t\t\t\t\t\t\t\t\t\t\t\t\t\t<\/div>\n\t\t\t\t<\/div>\n\t\t\t\t\t<\/div>\n\t\t<\/div>\n\t\t\t\t<div class=\"elementor-column elementor-col-33 elementor-top-column elementor-element elementor-element-3ca2c3c\" data-id=\"3ca2c3c\" data-element_type=\"column\" data-e-type=\"column\">\n\t\t\t<div class=\"elementor-widget-wrap elementor-element-populated\">\n\t\t\t\t\t\t<div class=\"elementor-element elementor-element-7ba3a49 elementor-widget elementor-widget-image\" data-id=\"7ba3a49\" data-element_type=\"widget\" data-e-type=\"widget\" data-widget_type=\"image.default\">\n\t\t\t\t<div class=\"elementor-widget-container\">\n\t\t\t\t\t\t\t\t\t\t\t\t\t\t\t<img decoding=\"async\" width=\"430\" height=\"650\" src=\"https:\/\/www.jlf-embouteillage.com\/wp-content\/uploads\/2019\/12\/JLF-la-maitrise-technique-bouteille.png\" class=\"attachment-full size-full wp-image-506\" alt=\"JLF-la-maitrise-technique-bouteille\" srcset=\"https:\/\/www.jlf-embouteillage.com\/wp-content\/uploads\/2019\/12\/JLF-la-maitrise-technique-bouteille.png 430w, https:\/\/www.jlf-embouteillage.com\/wp-content\/uploads\/2019\/12\/JLF-la-maitrise-technique-bouteille-198x300.png 198w\" sizes=\"100vw\" \/>\t\t\t\t\t\t\t\t\t\t\t\t\t\t\t<\/div>\n\t\t\t\t<\/div>\n\t\t\t\t\t<\/div>\n\t\t<\/div>\n\t\t\t\t\t<\/div>\n\t\t<\/section>\n\t\t\t\t<section class=\"elementor-section elementor-top-section elementor-element elementor-element-3c0fc68 elementor-section-boxed elementor-section-height-default elementor-section-height-default\" data-id=\"3c0fc68\" data-element_type=\"section\" data-e-type=\"section\">\n\t\t\t\t\t\t<div class=\"elementor-container elementor-column-gap-default\">\n\t\t\t\t\t<div class=\"elementor-column elementor-col-100 elementor-top-column elementor-element elementor-element-3b1023d\" data-id=\"3b1023d\" data-element_type=\"column\" data-e-type=\"column\">\n\t\t\t<div class=\"elementor-widget-wrap elementor-element-populated\">\n\t\t\t\t\t\t<div class=\"elementor-element elementor-element-2e4d792 elementor-widget elementor-widget-text-editor\" data-id=\"2e4d792\" data-element_type=\"widget\" data-e-type=\"widget\" data-widget_type=\"text-editor.default\">\n\t\t\t\t<div class=\"elementor-widget-container\">\n\t\t\t\t\t\t\t\t\t<p>Jean-Luc Fournier a su s\u2019entourer d\u2019une \u00e9quipe comp\u00e9tente et investie. Son gendre, David Mauret, est en charge de toute la Production. L\u2019outil performant et son fonctionnement n\u2019ont aucun secret pour lui. Ses comp\u00e9tences techniques et son go\u00fbt du challenge sont autant d\u2019atouts pour concr\u00e9tiser tous les projets de mise en bouteilles. Il forme et accompagne le Personnel qualifi\u00e9 sur les lignes de production afin de fournir une <strong><a href=\"https:\/\/www.jlf-embouteillage.com\/index.php\/nos-prestations\/\">prestation<\/a> au niveau d&rsquo;exigence voir d\u2019excellence<\/strong>&nbsp;que JLF Embouteillage s\u2019est fix\u00e9.<\/p>\n<p><span class=\"s1\">Jennifer Fournier, fille cadette de Jean-Luc et Anita, a int\u00e9gr\u00e9&nbsp;<span style=\"font-weight: bold;\"><a href=\"https:\/\/www.jlf-embouteillage.com\/\">JLF Embouteillage<\/a><\/span>. Apr\u00e8s 15 ans en tant que Charg\u00e9e de d\u00e9veloppement commerciale au sein d\u2019une grande entreprise, c\u2019est tout naturellement qu\u2019elle prend les fonctions de Responsable Administrative et Commerciale dans l\u2019entreprise familiale dont elle arpente le domaine depuis toujours.<br>\u2028Jennifer est riche de nombreux projets pour \u00e9tendre la renomm\u00e9e de JLF Embouteillage au-del\u00e0 des Charentes. Outre les contenants classiques en verre, JLF propose dor\u00e9navant un embouteillage en plastique recyclable.<br><\/span><\/p>\t\t\t\t\t\t\t\t<\/div>\n\t\t\t\t<\/div>\n\t\t\t\t\t<\/div>\n\t\t<\/div>\n\t\t\t\t\t<\/div>\n\t\t<\/section>\n\t\t\t\t<\/div>\n\t\t","protected":false},"excerpt":{"rendered":"<p>Jean-Luc Fournier a su s\u2019entourer d\u2019une \u00e9quipe comp\u00e9tente et investie. Son gendre, David Mauret, est en charge de toute la Production. L\u2019outil performant et son fonctionnement n\u2019ont aucun secret pour lui. Ses comp\u00e9tences techniques et son go\u00fbt du challenge sont autant d\u2019atouts pour concr\u00e9tiser tous les projets de mise en bouteilles. Il forme et accompagne &hellip; <\/p>\n<p class=\"link-more\"><a href=\"https:\/\/www.jlf-embouteillage.com\/index.php\/qui-sommes-nous\/la-maitrise-technique\/\" class=\"more-link\">Continuer la lecture<span class=\"screen-reader-text\"> de &laquo;&nbsp;La ma\u00eetrise technique&nbsp;&raquo;<\/span><\/a><\/p>\n","protected":false},"author":2,"featured_media":0,"parent":112,"menu_order":3,"comment_status":"closed","ping_status":"closed","template":"elementor_header_footer","meta":{"footnotes":""},"class_list":["post-116","page","type-page","status-publish","hentry"],"yoast_head":"<!-- This site is optimized with the Yoast SEO plugin v27.4 - https:\/\/yoast.com\/product\/yoast-seo-wordpress\/ -->\n<title>La ma\u00eetrise technique - JLF Embouteillage<\/title>\n<meta name=\"description\" content=\"Jean-Luc Fournier a su s\u2019entourer d\u2019une \u00e9quipe comp\u00e9tente et investie. Son gendre, David Mauret, est en charge de toute la Production. L\u2019outillage...\" \/>\n<meta name=\"robots\" content=\"index, follow, max-snippet:-1, max-image-preview:large, max-video-preview:-1\" \/>\n<link rel=\"canonical\" href=\"https:\/\/www.jlf-embouteillage.com\/index.php\/qui-sommes-nous\/la-maitrise-technique\/\" \/>\n<meta property=\"og:locale\" content=\"fr_FR\" \/>\n<meta property=\"og:type\" content=\"article\" \/>\n<meta property=\"og:title\" content=\"La ma\u00eetrise technique - JLF Embouteillage\" \/>\n<meta property=\"og:description\" content=\"Jean-Luc Fournier a su s\u2019entourer d\u2019une \u00e9quipe comp\u00e9tente et investie. Son gendre, David Mauret, est en charge de toute la Production. L\u2019outillage...\" \/>\n<meta property=\"og:url\" content=\"https:\/\/www.jlf-embouteillage.com\/index.php\/qui-sommes-nous\/la-maitrise-technique\/\" \/>\n<meta property=\"og:site_name\" content=\"JLF Embouteillage\" \/>\n<meta property=\"article:publisher\" content=\"https:\/\/www.facebook.com\/jlfembouteillage\/\" \/>\n<meta property=\"article:modified_time\" content=\"2019-12-13T11:45:22+00:00\" \/>\n<meta property=\"og:image\" content=\"https:\/\/www.jlf-embouteillage.com\/wp-content\/uploads\/2019\/12\/JLF-e\u0301tiquetteuse.jpg\" \/>\n<meta name=\"twitter:card\" content=\"summary_large_image\" \/>\n<meta name=\"twitter:label1\" content=\"Dur\u00e9e de lecture estim\u00e9e\" \/>\n\t<meta name=\"twitter:data1\" content=\"1 minute\" \/>\n<script type=\"application\/ld+json\" class=\"yoast-schema-graph\">{\"@context\":\"https:\\\/\\\/schema.org\",\"@graph\":[{\"@type\":\"WebPage\",\"@id\":\"https:\\\/\\\/www.jlf-embouteillage.com\\\/index.php\\\/qui-sommes-nous\\\/la-maitrise-technique\\\/\",\"url\":\"https:\\\/\\\/www.jlf-embouteillage.com\\\/index.php\\\/qui-sommes-nous\\\/la-maitrise-technique\\\/\",\"name\":\"La ma\u00eetrise technique - JLF Embouteillage\",\"isPartOf\":{\"@id\":\"https:\\\/\\\/www.jlf-embouteillage.com\\\/#website\"},\"primaryImageOfPage\":{\"@id\":\"https:\\\/\\\/www.jlf-embouteillage.com\\\/index.php\\\/qui-sommes-nous\\\/la-maitrise-technique\\\/#primaryimage\"},\"image\":{\"@id\":\"https:\\\/\\\/www.jlf-embouteillage.com\\\/index.php\\\/qui-sommes-nous\\\/la-maitrise-technique\\\/#primaryimage\"},\"thumbnailUrl\":\"https:\\\/\\\/www.jlf-embouteillage.com\\\/wp-content\\\/uploads\\\/2019\\\/12\\\/JLF-la-maitrise-technique-bouteille.png\",\"datePublished\":\"2019-11-22T11:26:51+00:00\",\"dateModified\":\"2019-12-13T11:45:22+00:00\",\"description\":\"Jean-Luc Fournier a su s\u2019entourer d\u2019une \u00e9quipe comp\u00e9tente et investie. Son gendre, David Mauret, est en charge de toute la Production. L\u2019outillage...\",\"breadcrumb\":{\"@id\":\"https:\\\/\\\/www.jlf-embouteillage.com\\\/index.php\\\/qui-sommes-nous\\\/la-maitrise-technique\\\/#breadcrumb\"},\"inLanguage\":\"fr-FR\",\"potentialAction\":[{\"@type\":\"ReadAction\",\"target\":[\"https:\\\/\\\/www.jlf-embouteillage.com\\\/index.php\\\/qui-sommes-nous\\\/la-maitrise-technique\\\/\"]}]},{\"@type\":\"ImageObject\",\"inLanguage\":\"fr-FR\",\"@id\":\"https:\\\/\\\/www.jlf-embouteillage.com\\\/index.php\\\/qui-sommes-nous\\\/la-maitrise-technique\\\/#primaryimage\",\"url\":\"https:\\\/\\\/www.jlf-embouteillage.com\\\/wp-content\\\/uploads\\\/2019\\\/12\\\/JLF-la-maitrise-technique-bouteille.png\",\"contentUrl\":\"https:\\\/\\\/www.jlf-embouteillage.com\\\/wp-content\\\/uploads\\\/2019\\\/12\\\/JLF-la-maitrise-technique-bouteille.png\",\"width\":430,\"height\":650,\"caption\":\"JLF-la-maitrise-technique-bouteille\"},{\"@type\":\"BreadcrumbList\",\"@id\":\"https:\\\/\\\/www.jlf-embouteillage.com\\\/index.php\\\/qui-sommes-nous\\\/la-maitrise-technique\\\/#breadcrumb\",\"itemListElement\":[{\"@type\":\"ListItem\",\"position\":1,\"name\":\"Accueil\",\"item\":\"https:\\\/\\\/www.jlf-embouteillage.com\\\/\"},{\"@type\":\"ListItem\",\"position\":2,\"name\":\"Qui sommes-nous ?\",\"item\":\"https:\\\/\\\/www.jlf-embouteillage.com\\\/index.php\\\/qui-sommes-nous\\\/\"},{\"@type\":\"ListItem\",\"position\":3,\"name\":\"La ma\u00eetrise technique\"}]},{\"@type\":\"WebSite\",\"@id\":\"https:\\\/\\\/www.jlf-embouteillage.com\\\/#website\",\"url\":\"https:\\\/\\\/www.jlf-embouteillage.com\\\/\",\"name\":\"JLF Embouteillage\",\"description\":\"MISE EN BOUTEILLE \\\/ CUVERIE \\\/ \\u2029STOCKAGE \\\/ EXP\u00c9DITION\",\"publisher\":{\"@id\":\"https:\\\/\\\/www.jlf-embouteillage.com\\\/#organization\"},\"potentialAction\":[{\"@type\":\"SearchAction\",\"target\":{\"@type\":\"EntryPoint\",\"urlTemplate\":\"https:\\\/\\\/www.jlf-embouteillage.com\\\/?s={search_term_string}\"},\"query-input\":{\"@type\":\"PropertyValueSpecification\",\"valueRequired\":true,\"valueName\":\"search_term_string\"}}],\"inLanguage\":\"fr-FR\"},{\"@type\":\"Organization\",\"@id\":\"https:\\\/\\\/www.jlf-embouteillage.com\\\/#organization\",\"name\":\"JLF Embouteillage\",\"url\":\"https:\\\/\\\/www.jlf-embouteillage.com\\\/\",\"logo\":{\"@type\":\"ImageObject\",\"inLanguage\":\"fr-FR\",\"@id\":\"https:\\\/\\\/www.jlf-embouteillage.com\\\/#\\\/schema\\\/logo\\\/image\\\/\",\"url\":\"https:\\\/\\\/www.jlf-embouteillage.com\\\/wp-content\\\/uploads\\\/2019\\\/12\\\/JLF-favicon.png\",\"contentUrl\":\"https:\\\/\\\/www.jlf-embouteillage.com\\\/wp-content\\\/uploads\\\/2019\\\/12\\\/JLF-favicon.png\",\"width\":512,\"height\":512,\"caption\":\"JLF Embouteillage\"},\"image\":{\"@id\":\"https:\\\/\\\/www.jlf-embouteillage.com\\\/#\\\/schema\\\/logo\\\/image\\\/\"},\"sameAs\":[\"https:\\\/\\\/www.facebook.com\\\/jlfembouteillage\\\/\"]}]}<\/script>\n<!-- \/ Yoast SEO plugin. -->","yoast_head_json":{"title":"La ma\u00eetrise technique - JLF Embouteillage","description":"Jean-Luc Fournier a su s\u2019entourer d\u2019une \u00e9quipe comp\u00e9tente et investie. Son gendre, David Mauret, est en charge de toute la Production. L\u2019outillage...","robots":{"index":"index","follow":"follow","max-snippet":"max-snippet:-1","max-image-preview":"max-image-preview:large","max-video-preview":"max-video-preview:-1"},"canonical":"https:\/\/www.jlf-embouteillage.com\/index.php\/qui-sommes-nous\/la-maitrise-technique\/","og_locale":"fr_FR","og_type":"article","og_title":"La ma\u00eetrise technique - JLF Embouteillage","og_description":"Jean-Luc Fournier a su s\u2019entourer d\u2019une \u00e9quipe comp\u00e9tente et investie. Son gendre, David Mauret, est en charge de toute la Production. L\u2019outillage...","og_url":"https:\/\/www.jlf-embouteillage.com\/index.php\/qui-sommes-nous\/la-maitrise-technique\/","og_site_name":"JLF Embouteillage","article_publisher":"https:\/\/www.facebook.com\/jlfembouteillage\/","article_modified_time":"2019-12-13T11:45:22+00:00","og_image":[{"url":"https:\/\/www.jlf-embouteillage.com\/wp-content\/uploads\/2019\/12\/JLF-e\u0301tiquetteuse.jpg","type":"","width":"","height":""}],"twitter_card":"summary_large_image","twitter_misc":{"Dur\u00e9e de lecture estim\u00e9e":"1 minute"},"schema":{"@context":"https:\/\/schema.org","@graph":[{"@type":"WebPage","@id":"https:\/\/www.jlf-embouteillage.com\/index.php\/qui-sommes-nous\/la-maitrise-technique\/","url":"https:\/\/www.jlf-embouteillage.com\/index.php\/qui-sommes-nous\/la-maitrise-technique\/","name":"La ma\u00eetrise technique - JLF Embouteillage","isPartOf":{"@id":"https:\/\/www.jlf-embouteillage.com\/#website"},"primaryImageOfPage":{"@id":"https:\/\/www.jlf-embouteillage.com\/index.php\/qui-sommes-nous\/la-maitrise-technique\/#primaryimage"},"image":{"@id":"https:\/\/www.jlf-embouteillage.com\/index.php\/qui-sommes-nous\/la-maitrise-technique\/#primaryimage"},"thumbnailUrl":"https:\/\/www.jlf-embouteillage.com\/wp-content\/uploads\/2019\/12\/JLF-la-maitrise-technique-bouteille.png","datePublished":"2019-11-22T11:26:51+00:00","dateModified":"2019-12-13T11:45:22+00:00","description":"Jean-Luc Fournier a su s\u2019entourer d\u2019une \u00e9quipe comp\u00e9tente et investie. Son gendre, David Mauret, est en charge de toute la Production. L\u2019outillage...","breadcrumb":{"@id":"https:\/\/www.jlf-embouteillage.com\/index.php\/qui-sommes-nous\/la-maitrise-technique\/#breadcrumb"},"inLanguage":"fr-FR","potentialAction":[{"@type":"ReadAction","target":["https:\/\/www.jlf-embouteillage.com\/index.php\/qui-sommes-nous\/la-maitrise-technique\/"]}]},{"@type":"ImageObject","inLanguage":"fr-FR","@id":"https:\/\/www.jlf-embouteillage.com\/index.php\/qui-sommes-nous\/la-maitrise-technique\/#primaryimage","url":"https:\/\/www.jlf-embouteillage.com\/wp-content\/uploads\/2019\/12\/JLF-la-maitrise-technique-bouteille.png","contentUrl":"https:\/\/www.jlf-embouteillage.com\/wp-content\/uploads\/2019\/12\/JLF-la-maitrise-technique-bouteille.png","width":430,"height":650,"caption":"JLF-la-maitrise-technique-bouteille"},{"@type":"BreadcrumbList","@id":"https:\/\/www.jlf-embouteillage.com\/index.php\/qui-sommes-nous\/la-maitrise-technique\/#breadcrumb","itemListElement":[{"@type":"ListItem","position":1,"name":"Accueil","item":"https:\/\/www.jlf-embouteillage.com\/"},{"@type":"ListItem","position":2,"name":"Qui sommes-nous ?","item":"https:\/\/www.jlf-embouteillage.com\/index.php\/qui-sommes-nous\/"},{"@type":"ListItem","position":3,"name":"La ma\u00eetrise technique"}]},{"@type":"WebSite","@id":"https:\/\/www.jlf-embouteillage.com\/#website","url":"https:\/\/www.jlf-embouteillage.com\/","name":"JLF Embouteillage","description":"MISE EN BOUTEILLE \/ CUVERIE \/ \u2029STOCKAGE \/ EXP\u00c9DITION","publisher":{"@id":"https:\/\/www.jlf-embouteillage.com\/#organization"},"potentialAction":[{"@type":"SearchAction","target":{"@type":"EntryPoint","urlTemplate":"https:\/\/www.jlf-embouteillage.com\/?s={search_term_string}"},"query-input":{"@type":"PropertyValueSpecification","valueRequired":true,"valueName":"search_term_string"}}],"inLanguage":"fr-FR"},{"@type":"Organization","@id":"https:\/\/www.jlf-embouteillage.com\/#organization","name":"JLF Embouteillage","url":"https:\/\/www.jlf-embouteillage.com\/","logo":{"@type":"ImageObject","inLanguage":"fr-FR","@id":"https:\/\/www.jlf-embouteillage.com\/#\/schema\/logo\/image\/","url":"https:\/\/www.jlf-embouteillage.com\/wp-content\/uploads\/2019\/12\/JLF-favicon.png","contentUrl":"https:\/\/www.jlf-embouteillage.com\/wp-content\/uploads\/2019\/12\/JLF-favicon.png","width":512,"height":512,"caption":"JLF Embouteillage"},"image":{"@id":"https:\/\/www.jlf-embouteillage.com\/#\/schema\/logo\/image\/"},"sameAs":["https:\/\/www.facebook.com\/jlfembouteillage\/"]}]}},"_links":{"self":[{"href":"https:\/\/www.jlf-embouteillage.com\/index.php\/wp-json\/wp\/v2\/pages\/116","targetHints":{"allow":["GET"]}}],"collection":[{"href":"https:\/\/www.jlf-embouteillage.com\/index.php\/wp-json\/wp\/v2\/pages"}],"about":[{"href":"https:\/\/www.jlf-embouteillage.com\/index.php\/wp-json\/wp\/v2\/types\/page"}],"author":[{"embeddable":true,"href":"https:\/\/www.jlf-embouteillage.com\/index.php\/wp-json\/wp\/v2\/users\/2"}],"replies":[{"embeddable":true,"href":"https:\/\/www.jlf-embouteillage.com\/index.php\/wp-json\/wp\/v2\/comments?post=116"}],"version-history":[{"count":31,"href":"https:\/\/www.jlf-embouteillage.com\/index.php\/wp-json\/wp\/v2\/pages\/116\/revisions"}],"predecessor-version":[{"id":707,"href":"https:\/\/www.jlf-embouteillage.com\/index.php\/wp-json\/wp\/v2\/pages\/116\/revisions\/707"}],"up":[{"embeddable":true,"href":"https:\/\/www.jlf-embouteillage.com\/index.php\/wp-json\/wp\/v2\/pages\/112"}],"wp:attachment":[{"href":"https:\/\/www.jlf-embouteillage.com\/index.php\/wp-json\/wp\/v2\/media?parent=116"}],"curies":[{"name":"wp","href":"https:\/\/api.w.org\/{rel}","templated":true}]}}